{"id":4521,"date":"2015-02-26T10:10:03","date_gmt":"2015-02-26T10:10:03","guid":{"rendered":"https:\/\/www.afar-tools.com\/de\/homepage\/"},"modified":"2021-01-11T18:15:34","modified_gmt":"2021-01-11T17:15:34","slug":"homepage","status":"publish","type":"page","link":"https:\/\/www.afar-tools.com\/de\/","title":{"rendered":"AF.AR &#8211; Produktion und Schleifen von Bohrern und Kreiss\u00e4gen"},"content":{"rendered":"<h1>AF.AR &#8211; Produktion und Schleifen von Bohrern und Kreiss\u00e4gen<\/h1>\n<p>AF. AR Carbide ist ein anerkanntes Unternehmen in der Welt und ist ein f\u00fchrender Hersteller von Kreiss\u00e4gen aller Art.<br \/>\n<a href=\"https:\/\/www.afar-tools.com\/wp-content\/uploads\/2015\/12\/icon_afar_1.png\"><img loading=\"lazy\" decoding=\"async\" class=\"alignleft wp-image-4833 size-full\" title=\"AF.AR - Produktion und Schleifen von Bohrern und Kreiss\u00e4gen\" src=\"https:\/\/www.afar-tools.com\/wp-content\/uploads\/2015\/12\/icon_afar_1.png\" alt=\"AF.AR - Produktion und Schleifen von Bohrern und Kreiss\u00e4gen\" width=\"140\" height=\"140\" \/><\/a><br \/>\nMit einer Erfahrung von mehr als drei\u00dfig Jahren in der Herstellung von Kreiss\u00e4gen und Bohrer standen wir jede Art von Arbeit, von einfach bis schwieriger.<br \/>\nWir arbeiten eng mit dem Kunden den tats\u00e4chlichen Bedarf immer \u00fcberpr\u00fcft, wobei das beste Ergebnis zu den niedrigsten Kosten.<\/p>\n<p>AF.AR Produktion, M\u00fchlen und Kreiss\u00e4gen.<\/p>\n<p>Wir erkennen die Bedeutung von Synergien mit unseren Partnern und gemeinsam wollen wir auf die st\u00e4ndige Verbesserung von Produkten und Prozessen.<br \/>\nWir arbeiten f\u00fcr die Qualit\u00e4t unserer Produkte in enger Zusammenarbeit zu verbessern, mit Kunden und Lieferanten zusammen, um neue Erfolge erzielen.<\/p>\n<p>Wir arbeiten mit Gro\u00df- und Einzelh\u00e4ndler von Werkzeugen &#8211; in Italien und im Ausland &#8211; in verschiedenen Bereichen t\u00e4tig.<br \/>\nZu den interessantesten Highlight Uhren, Brillen und Schmuck, Kieferorthop\u00e4die, Strickwaren und Strumpfwaren.<\/p>\n<div class=\"GDLR-Service-Shortcode-content\">\n<p>Unsere Produkte haben unterschiedliche Anwendungsbereiche: die wichtigsten \u00c4nderungen sind geschnitten, Fr\u00e4sen und Profilieren.<\/p>\n<p>Unser Unternehmen besteht aus etwa zwanzig Menschen gemacht Arbeiten in verschiedenen reparti.Il Unsere Organisation ist einfach und unkompliziert: was wir betonen, ist Teamarbeit.<br \/>\nJeder hat eine definierte Rolle und ihre Aufgabe besteht darin, in Vorbereitung auf die der Kollegen.<br \/>\nMit dem Eingriff in der ersten Zeile gewonnenen Erfahrungen in den Jahren haben wir ein komplexes und umfassendes System etabliert, das uns auf einfache Weise sowohl allt\u00e4gliche Prozesse unerwartet, dass handhaben.<\/p>\n<p>AF.AR &#8211; Produktion und Schleifen von Bohrern und Kreiss\u00e4gen ist ein dynamisches Unternehmen national und international vor allem in der Welt der elektrischen Kollektor und im Bereich der mechanisch-Textil-Unternehmen anerkannt, Sektoren, in denen es sich als Marktf\u00fchrer von Kreiss\u00e4gen etabliert jede Art.<\/p>\n<ol>\n<li>Korrektur des Lochdurchmessers der Kreiss\u00e4ge auf Innenschleifmaschinen<\/li>\n<li>Schleifen von Au\u00dfendurchmessern von Schleifmaschinen<\/li>\n<li>Korrektur der Pl\u00e4ne, m\u00f6gliche Gestaltung von Einleitungen und L\u00e4ppen auf spezielle Schleifmaschinen mit Drehtisch<\/li>\n<li>Z\u00e4hne S\u00e4gen<\/li>\n<li>Jede Profilierung und interne Revision des Zahns<\/li>\n<li>Drucken auf Tools, mit Angabe der Produktionscharge.<\/li>\n<li>Reinigung, Verpackung und Versand.Kontakt<\/li>\n<\/ol>\n<\/div>\n","protected":false},"excerpt":{"rendered":"<p>AF.AR &#8211; Produktion und Schleifen von Bohrern und Kreiss\u00e4gen AF. AR Carbide ist ein anerkanntes Unternehmen in der Welt und ist ein f\u00fchrender Hersteller von Kreiss\u00e4gen aller Art. Mit einer Erfahrung von mehr als drei\u00dfig Jahren in der Herstellung von Kreiss\u00e4gen und Bohrer standen wir jede Art von Arbeit, von einfach bis schwieriger. Wir arbeiten&#8230; <\/p>\n<div class=\"clear\"><\/div>\n<p><a href=\"https:\/\/www.afar-tools.com\/de\/\" class=\"excerpt-read-more\">Learn More<i class=\"fa fa-angle-double-right icon-double-angle-right\"><\/i><\/a><\/p>\n","protected":false},"author":1,"featured_media":0,"parent":0,"menu_order":0,"comment_status":"closed","ping_status":"open","template":"","meta":{"_exactmetrics_skip_tracking":false,"_exactmetrics_sitenote_active":false,"_exactmetrics_sitenote_note":"","_exactmetrics_sitenote_category":0,"footnotes":""},"class_list":["post-4521","page","type-page","status-publish","hentry"],"_links":{"self":[{"href":"https:\/\/www.afar-tools.com\/de\/wp-json\/wp\/v2\/pages\/4521","targetHints":{"allow":["GET"]}}],"collection":[{"href":"https:\/\/www.afar-tools.com\/de\/wp-json\/wp\/v2\/pages"}],"about":[{"href":"https:\/\/www.afar-tools.com\/de\/wp-json\/wp\/v2\/types\/page"}],"author":[{"embeddable":true,"href":"https:\/\/www.afar-tools.com\/de\/wp-json\/wp\/v2\/users\/1"}],"replies":[{"embeddable":true,"href":"https:\/\/www.afar-tools.com\/de\/wp-json\/wp\/v2\/comments?post=4521"}],"version-history":[{"count":4,"href":"https:\/\/www.afar-tools.com\/de\/wp-json\/wp\/v2\/pages\/4521\/revisions"}],"predecessor-version":[{"id":7387,"href":"https:\/\/www.afar-tools.com\/de\/wp-json\/wp\/v2\/pages\/4521\/revisions\/7387"}],"wp:attachment":[{"href":"https:\/\/www.afar-tools.com\/de\/wp-json\/wp\/v2\/media?parent=4521"}],"curies":[{"name":"wp","href":"https:\/\/api.w.org\/{rel}","templated":true}]}}