{"id":4577,"date":"2015-08-06T16:23:47","date_gmt":"2015-08-06T14:23:47","guid":{"rendered":"https:\/\/www.afar-tools.com\/de\/chi-siamo\/"},"modified":"2021-12-07T09:54:46","modified_gmt":"2021-12-07T08:54:46","slug":"ueber-uns","status":"publish","type":"page","link":"https:\/\/www.afar-tools.com\/de\/ueber-uns\/","title":{"rendered":"\u00dcber uns"},"content":{"rendered":"<h2 class=\"gdlr-heading-shortcode \">Das Organigramm von AF.AR<\/h2>\n<p>\u00dcber uns &#8211; Unser Unternehmen besteht aus etwa zwanzig Personen, die in verschiedenen Abteilungen arbeiten.<br \/>\nUnser Organigramm ist einfach und linear: Wir m\u00f6chten unterstreichen,\u00a0 dass wir Teamarbeit lieben.<br \/>\nJeder von uns hat eine bestimmte Rolle und seine Aufgabe ist eine Vorbereitung auf diejenige der Kollegen.<br \/>\nMit der Erfahrung an der Spitze der Bem\u00fchungen, die wir im Laufe der Jahre gewonnen haben, haben wir ein komplexes und umfassendes System gebildet, das es uns erm\u00f6glicht, auf leichte Art sowohl allt\u00e4gliche Prozesse als auch Unvorhergesehenes zu managen.<\/p>\n<h2>\u00dcber uns<\/h2>\n<p><img loading=\"lazy\" decoding=\"async\" class=\"alignleft wp-image-5679 size-medium\" title=\"\u00dcber uns\" src=\"https:\/\/www.afar-tools.com\/wp-content\/uploads\/2016\/02\/logo-temp-orange-300x58.png\" alt=\"\u00dcber uns\" width=\"300\" height=\"58\" srcset=\"https:\/\/www.afar-tools.com\/wp-content\/uploads\/2016\/02\/logo-temp-orange-300x58.png 300w, https:\/\/www.afar-tools.com\/wp-content\/uploads\/2016\/02\/logo-temp-orange.png 413w\" sizes=\"auto, (max-width: 300px) 100vw, 300px\" \/>Wer denkt, dass es Zukunft hat andere zu kopirenund annimmt, dass as ausreicht einen Knopf zu dr\u00fccken, muss erkennen, dass man eine. Firma nicht improvisieren kann, sondern dass diese mit den Erfahrungen der darin Besch\u00e4ftigten w\u00e4chst.<br \/>\nMaurizio Bassetti<\/p>\n<p><span id=\"result_box\" class=\"\" lang=\"de\" tabindex=\"-1\"><span title=\"L\u2019officina viene potenziata con l\u2019acquisto di una tra le prime affilatrici universali a controllo numerico esistenti in Italia.\">Der Workshop richtet sich mit dem Kauf eines der ersten Universalschleifmaschinen erweitert CNC in Italien bestehenden. <\/span><span title=\"Viene acquistata e opportunamente modificata la prima rettifica per la produzione di dischetti per seghe e frese circolari.\">Es wird gekauft und in geeigneter Weise die erste Schleif zur Herstellung von Scheiben f\u00fcr Kreiss\u00e4gen Schneid modifiziert. <\/span><span title=\"INIZIA LA PRODUZIONE DELLE SEGHE CIRCOLARI INTEGRALI. \">Beginnt mit der Produktion KREISS\u00c4GEN INTEGRAL.<\/span><\/span><\/p>\n<p><span title=\"Viene acquistata la seconda affilatrice a controllo numerico e installate 2 rettifiche specifiche.\">Kauf der zweiten Schleifmaschine numerischen Steuerung und installiert zwei spezifische Anpassungen. <\/span><span title=\"\u00c8 l'anno del primo catalogo con cui inizia la vendita capillare. \">Es ist das Jahr des ersten Katalog, der bundesweiten Vertrieb beginnt.<\/span><\/p>\n<p><span title=\"Vengono prodotte le prime lame diametro 250 mm e completata la gamma di produzione con le frese per CIRCUITI STAMPATI.\">die ersten Fl\u00fcgel 250 mm Durchmesser und vervollst\u00e4ndigt die Produktpalette mit Bohrern f\u00fcr LEITER produziert werden. <\/span><span title=\"In quest'anno \u00e8 stata affidata l\u2019esclusiva di alcuni prodotti ad una commerciale che RIVENDE I PRODOTTI con il proprio marchio: questo sodalizio dura per quasi 15 anni. \">In diesem Jahr waren wir mit dem exklusiven einiger Produkte auf einer Messe anvertraut, die Produkte unter der eigenen Marke VERK\u00c4UFE: Diese Partnerschaft dauert seit fast 15 Jahren.<\/span><\/p>\n<p><span title=\"Viene introdotto il controllo e l\u2019identificazione storica dei sinterizzati oltre all\u2019autocertificazione.\">Es ist auf die Steuerung und die historische Identifizierung von gesintertem neben selbst eingef\u00fchrt. <\/span><span title=\"Da questo momento la storia di ogni pezzo pu\u00f2 essere ricostruita senza errori a distanza di anni. \">Von diesem Moment an kann die Geschichte jedes St\u00fcck ohne Jahre Fehler sp\u00e4ter wieder aufgebaut werden.<\/span><\/p>\n<p><span title=\"Si introducono sofisticate macchine CNC e vengono adottati sistemi evoluti di CAD \u2013 CAM per la produzione.\">Sie f\u00fchren anspruchsvolle CNC-Maschinen und fortschrittliche CAD angenommen &#8211; CAM-Systeme f\u00fcr die Produktion. <\/span><span title=\"Si introduce un potente database ad hoc per il sistema di archiviazione dei dati di produzione e dei disegni .\">Es stellt ein leistungsf\u00e4higes ad hoc-Datenbank f\u00fcr das Speichersystem der Produktionsdaten und den Zeichnungen. <\/span><span title=\"Viene messo online il primo sito internet www.afar-Tools.com \">Ist online Die erste Website setzen www.afar-Tools.com<\/span><\/p>\n<p><span title=\"Il termine di collaborazione con la commerciale \u00e8 scaduto: si decide di istituire una rete commerciale propria per una distribuzione capillare diretta al mercato nazionale ed estero con MARCHIO AF.AR. \">Der Begriff Zusammenarbeit mit dem kommerziellen abgelaufen: Sie entscheiden, den Direktvertrieb f\u00fcr die direkte Verteilung der weit verbreiteten in- und ausl\u00e4ndischen Markt mit MARKE einzurichten AF.AR.<\/span><\/p>\n<p><span title=\"Trasferimento di sede nel nuovo stablimento. \">seinen Sitz in der neuen Einrichtung zu \u00fcbertragen befindet.<\/span><\/p>\n<p><span title=\"Introduzione di rettificatrici CNC per piani con nuova tecnologia. \">Einf\u00fchrung von CNC-Maschinen mit neuen Technologiepl\u00e4ne Schleifen.<\/span><\/p>\n<p><span title=\"Nasce il secondo reparto di rettifica per i corpi delle seghe circolari. \">die zweite Schleifeinheit f\u00fcr die Einrichtungen von Kreiss\u00e4gen geboren.<\/span><\/p>\n<p><span title=\"Introduzione di macchine rettificatrici CNC ad alta potenza con caricamento completamente automatico misurazione in ciclo per altissima produzione .\">Einf\u00fchrung von High-Power CNC-Schleifmaschinen mit vollautomatischer Lademesszyklus f\u00fcr hohe Produktion. <\/span><span title=\"Introduzione di un sistema robotizzato per la stampa laser sulle alte serie.\">Einf\u00fchrung eines Robotersystems f\u00fcr den Laserdruck auf der Hoch Serie.<\/span><\/p>\n","protected":false},"excerpt":{"rendered":"<p>Das Organigramm von AF.AR \u00dcber uns &#8211; Unser Unternehmen besteht aus etwa zwanzig Personen, die in verschiedenen Abteilungen arbeiten. Unser Organigramm ist einfach und linear: Wir m\u00f6chten unterstreichen,\u00a0 dass wir Teamarbeit lieben. Jeder von uns hat eine bestimmte Rolle und seine Aufgabe ist eine Vorbereitung auf diejenige der Kollegen. Mit der Erfahrung an der Spitze&#8230; <\/p>\n<div class=\"clear\"><\/div>\n<p><a href=\"https:\/\/www.afar-tools.com\/de\/ueber-uns\/\" class=\"excerpt-read-more\">Learn More<i class=\"fa fa-angle-double-right icon-double-angle-right\"><\/i><\/a><\/p>\n","protected":false},"author":1,"featured_media":0,"parent":0,"menu_order":0,"comment_status":"closed","ping_status":"open","template":"","meta":{"_exactmetrics_skip_tracking":false,"_exactmetrics_sitenote_active":false,"_exactmetrics_sitenote_note":"","_exactmetrics_sitenote_category":0,"footnotes":""},"class_list":["post-4577","page","type-page","status-publish","hentry"],"_links":{"self":[{"href":"https:\/\/www.afar-tools.com\/de\/wp-json\/wp\/v2\/pages\/4577","targetHints":{"allow":["GET"]}}],"collection":[{"href":"https:\/\/www.afar-tools.com\/de\/wp-json\/wp\/v2\/pages"}],"about":[{"href":"https:\/\/www.afar-tools.com\/de\/wp-json\/wp\/v2\/types\/page"}],"author":[{"embeddable":true,"href":"https:\/\/www.afar-tools.com\/de\/wp-json\/wp\/v2\/users\/1"}],"replies":[{"embeddable":true,"href":"https:\/\/www.afar-tools.com\/de\/wp-json\/wp\/v2\/comments?post=4577"}],"version-history":[{"count":4,"href":"https:\/\/www.afar-tools.com\/de\/wp-json\/wp\/v2\/pages\/4577\/revisions"}],"predecessor-version":[{"id":7392,"href":"https:\/\/www.afar-tools.com\/de\/wp-json\/wp\/v2\/pages\/4577\/revisions\/7392"}],"wp:attachment":[{"href":"https:\/\/www.afar-tools.com\/de\/wp-json\/wp\/v2\/media?parent=4577"}],"curies":[{"name":"wp","href":"https:\/\/api.w.org\/{rel}","templated":true}]}}