{"id":4608,"date":"2016-08-08T12:59:15","date_gmt":"2016-08-08T10:59:15","guid":{"rendered":"https:\/\/www.afar-tools.com\/de\/come-lavoriamo\/"},"modified":"2016-08-09T16:18:21","modified_gmt":"2016-08-09T14:18:21","slug":"warum-waehlen-sie-afar","status":"publish","type":"page","link":"https:\/\/www.afar-tools.com\/de\/warum-waehlen-sie-afar\/","title":{"rendered":"Warum w\u00e4hlen Sie AF.AR"},"content":{"rendered":"<h1>Warum w\u00e4hlen Sie AF.AR<\/h1>\n<h2>Warum w\u00e4hlen Sie AF.AR<\/h2>\n<p>Warum w\u00e4hlen Sie AF.AR &#8211; Unser Unternehmen besteht aus etwa zwanzig Personen, die in verschiedenen Abteilungen arbeiten.<br \/>\nUnser Organigramm ist einfach und linear: Wir m\u00f6chten unterstreichen, dass wir Teamarbeit lieben.<br \/>\nJeder von uns hat eine bestimmte Rolle und seine Aufgabe ist eine Vorbereitung auf diejenige der Kollegen.<br \/>\nMit der Erfahrung an der Spitze der Bem\u00fchungen, die wir im Laufe der Jahre gewonnen haben, haben wir ein komplexes und umfassendes System gebildet, das es uns erm\u00f6glicht, auf leichte Art sowohl allt\u00e4gliche Prozesse als auch Unvorhergesehenes zu managen.<br \/>\nAf.ar ist in vier Abteilungen gegliedert.<br \/>\nDie administrativ-kommerzielle Abteilung, die sich mit der Verwaltung und kaufm\u00e4nnischen Betriebsf\u00fchrung von Kunden und Lieferanten besch\u00e4ftigt und eine Schnittstelle mit italienischen und ausl\u00e4ndischen Unternehmen darstellt. Sie arbeitet eng mit der Abteilung f\u00fcr Bestellungen und Produktionseinf\u00fchrungen zusammen, die sich um die Auftragsbest\u00e4tigungen k\u00fcmmert und den Produktionsbeginn freigibt.<br \/>\nDie technische Produktionsabteilung st\u00fctzt sich auf einen Park von mehr als 40 Maschinen und ist eine Schnittstelle mit dem Lager, das sich mit Versand und Warenabnahme besch\u00e4ftigt.<\/p>\n<p><img loading=\"lazy\" decoding=\"async\" class=\"alignleft wp-image-4470 size-medium\" title=\"Warum w\u00e4hlen Sie AF.AR\" src=\"https:\/\/www.afar-tools.com\/wp-content\/uploads\/2015\/08\/afar-slider-300x150.jpg\" alt=\"Warum w\u00e4hlen Sie AF.AR\" width=\"300\" height=\"150\" srcset=\"https:\/\/www.afar-tools.com\/wp-content\/uploads\/2015\/08\/afar-slider-300x150.jpg 300w, https:\/\/www.afar-tools.com\/wp-content\/uploads\/2015\/08\/afar-slider-1024x512.jpg 1024w, https:\/\/www.afar-tools.com\/wp-content\/uploads\/2015\/08\/afar-slider.jpg 1600w\" sizes=\"auto, (max-width: 300px) 100vw, 300px\" \/>Der Mehrwert der Forschung<br \/>\nAF.AR ist seit jeher auf eine qualitative Verbesserung seiner Produkte in sehr enger Zusammenarbeit mit dem Hauptrohstofflieferanten &#8211; unserem aktiven Partner seit \u00fcber zwanzig Jahren &#8211; und mit einigen aufmerksamen und gro\u00dfz\u00fcgigen Kunden ausgerichtet.<br \/>\nDank der uneingeschr\u00e4nkten Zusammenarbeit mit einigen Kunden testen wir verschiedene Bearbeitungsspezifikationen: neue Materialien, neue Werkzeug-Geometrien, neue Beschichtungen.<br \/>\nF\u00fcr AF.AR ist es wichtig, innovative und ma\u00dfgeschneiderte L\u00f6sungen zu finden: Wir pr\u00fcfen zusammen mit dem Kunden seine tats\u00e4chlichen Bed\u00fcrfnisse, um das leistungsf\u00e4higste Produkt zum richtigen Preis-Leistungsverh\u00e4ltnis zu liefern.<br \/>\nDiese Sorgfalt erm\u00f6glicht es uns, mit den Bed\u00fcrfnissen des Marktes Schritt zu halten und gemeinsam mit unseren Kunden immer ehrgeizigere Ziele zu erreichen, was einen Wettbewerbsvorteil f\u00fcr beide bringt.<\/p>\n<p>Das Organigramm von AF.AR<br \/>\nUnser Unternehmen besteht aus etwa zwanzig Personen, die in verschiedenen Abteilungen arbeiten.<br \/>\nUnser Organigramm ist einfach und linear: Wir m\u00f6chten unterstreichen,\u00a0 dass wir Teamarbeit lieben.<br \/>\nJeder von uns hat eine bestimmte Rolle und seine Aufgabe ist eine Vorbereitung auf diejenige der Kollegen.<br \/>\nMit der Erfahrung an der Spitze der Bem\u00fchungen, die wir im Laufe der Jahre gewonnen haben, haben wir ein komplexes und umfassendes System gebildet, das es uns erm\u00f6glicht, auf leichte Art sowohl allt\u00e4gliche Prozesse als auch Unvorhergesehenes zu managen.<\/p>\n","protected":false},"excerpt":{"rendered":"<p>Warum w\u00e4hlen Sie AF.AR Warum w\u00e4hlen Sie AF.AR Warum w\u00e4hlen Sie AF.AR &#8211; Unser Unternehmen besteht aus etwa zwanzig Personen, die in verschiedenen Abteilungen arbeiten. Unser Organigramm ist einfach und linear: Wir m\u00f6chten unterstreichen, dass wir Teamarbeit lieben. Jeder von uns hat eine bestimmte Rolle und seine Aufgabe ist eine Vorbereitung auf diejenige der Kollegen&#8230;. <\/p>\n<div class=\"clear\"><\/div>\n<p><a href=\"https:\/\/www.afar-tools.com\/de\/warum-waehlen-sie-afar\/\" class=\"excerpt-read-more\">Learn More<i class=\"fa fa-angle-double-right icon-double-angle-right\"><\/i><\/a><\/p>\n","protected":false},"author":1,"featured_media":0,"parent":0,"menu_order":0,"comment_status":"closed","ping_status":"open","template":"","meta":{"_exactmetrics_skip_tracking":false,"_exactmetrics_sitenote_active":false,"_exactmetrics_sitenote_note":"","_exactmetrics_sitenote_category":0,"footnotes":""},"class_list":["post-4608","page","type-page","status-publish","hentry"],"_links":{"self":[{"href":"https:\/\/www.afar-tools.com\/de\/wp-json\/wp\/v2\/pages\/4608","targetHints":{"allow":["GET"]}}],"collection":[{"href":"https:\/\/www.afar-tools.com\/de\/wp-json\/wp\/v2\/pages"}],"about":[{"href":"https:\/\/www.afar-tools.com\/de\/wp-json\/wp\/v2\/types\/page"}],"author":[{"embeddable":true,"href":"https:\/\/www.afar-tools.com\/de\/wp-json\/wp\/v2\/users\/1"}],"replies":[{"embeddable":true,"href":"https:\/\/www.afar-tools.com\/de\/wp-json\/wp\/v2\/comments?post=4608"}],"version-history":[{"count":2,"href":"https:\/\/www.afar-tools.com\/de\/wp-json\/wp\/v2\/pages\/4608\/revisions"}],"predecessor-version":[{"id":6749,"href":"https:\/\/www.afar-tools.com\/de\/wp-json\/wp\/v2\/pages\/4608\/revisions\/6749"}],"wp:attachment":[{"href":"https:\/\/www.afar-tools.com\/de\/wp-json\/wp\/v2\/media?parent=4608"}],"curies":[{"name":"wp","href":"https:\/\/api.w.org\/{rel}","templated":true}]}}