{"id":4620,"date":"2015-02-26T08:11:57","date_gmt":"2015-02-26T07:11:57","guid":{"rendered":"https:\/\/www.afar-tools.com\/de\/prodotti\/"},"modified":"2018-07-09T15:01:30","modified_gmt":"2018-07-09T13:01:30","slug":"einsatzgebiete-produkt","status":"publish","type":"page","link":"https:\/\/www.afar-tools.com\/de\/einsatzgebiete-produkt\/","title":{"rendered":"Einsatzgebiete"},"content":{"rendered":"<h1><span id=\"result_box\" class=\"short_text\" lang=\"de\" tabindex=\"-1\"><span class=\"hps\">Einsatzgebiete<\/span><\/span><\/h1>\n<p>Einsatzgebiete<\/p>\n<p>Textilmaschinen<br \/>\nUhrmacherhandwerk Goldschmied Kleinteile Kieferorthop\u00e4die<br \/>\nElektrische Kollektoren<br \/>\nAllgemeine Mechanik<br \/>\nSchl\u00fcssel<br \/>\nKunststoffe, Gummis, synthetische Verbundwerkstoffe und Brillen<br \/>\nGedruckte Schaltungen<\/p>\n<p><img loading=\"lazy\" decoding=\"async\" class=\"alignleft wp-image-5794 size-medium\" title=\"Einsatzgebiete\" src=\"https:\/\/www.afar-tools.com\/wp-content\/uploads\/2016\/02\/Meccanico-Tessile-100-1-orange-217x300.jpg\" alt=\"Einsatzgebiete\" width=\"217\" height=\"300\" srcset=\"https:\/\/www.afar-tools.com\/wp-content\/uploads\/2016\/02\/Meccanico-Tessile-100-1-orange-217x300.jpg 217w, https:\/\/www.afar-tools.com\/wp-content\/uploads\/2016\/02\/Meccanico-Tessile-100-1-orange-768x1063.jpg 768w, https:\/\/www.afar-tools.com\/wp-content\/uploads\/2016\/02\/Meccanico-Tessile-100-1-orange-740x1024.jpg 740w, https:\/\/www.afar-tools.com\/wp-content\/uploads\/2016\/02\/Meccanico-Tessile-100-1-orange.jpg 1280w\" sizes=\"auto, (max-width: 217px) 100vw, 217px\" \/><\/p>\n<h2>Einsatzgebiete<\/h2>\n<p>Unsere Dienstleistungen<br \/>\nAF.AR ist ein E12 international anerkanntes Unternehmen, besonders bei der Produktion elektrischer Kollektoren, im Textilmaschinenbereich f\u00fcr die Herstellung von Nadelbetten und Zylindern und in den Sektoren Mechanik und Automotive, wo es sich als f\u00fchrendes Unternehmen in der Herstellung von Kreiss\u00e4gen und Fr\u00e4sen aus Hartmetall aller Art durchgesetzt hat.<br \/>\nProduktionspalette von 8,00 mm bis 300,00 mm Durchmesser.<br \/>\nDicken von 0,05 mm bis 60,00 mm (in Korrelation zum Au\u00dfendurchmesser)<\/p>\n<p>&nbsp;<\/p>\n<div class=\"gdlr-item gdlr-process-tab\">\n<div class=\"gdlr-process-tab-content\">\n<h3 class=\"gdlr-process-title\">Das Organigramm<\/h3>\n<div class=\"gdlr-process-caption\">Das AF.AR-Personal besteht aus fachlich hochqualifizierten Mitarbeitern; das Team ist in einem einfachen und linearen Organigramm strukturiert, um den Kunden und den sich st\u00e4ndig evolvierenden Markt unbedingt zufrieden zu stellen. Die im Laufe der Jahre gewonnene Erfahrung und das t\u00e4gliche Engagement erm\u00f6glichten es AF.AR, auf allen Ebenen ein komplexes und umfassendes Verwaltungssystem der Produktions-, Logistik und Managementprozesse auszuarbeiten.<\/div>\n<\/div>\n<div class=\"process-line\"><\/div>\n<\/div>\n<div class=\"gdlr-item gdlr-process-tab\">\n<div class=\"gdlr-process-icon\"><\/div>\n<div class=\"gdlr-process-tab-content\">\n<h3 class=\"gdlr-process-title\">AF.AR ist in vier Abteilungen gegliedert.<\/h3>\n<div class=\"gdlr-process-caption\">Die administrativ-kommerzielle Abteilung, die sich mit der Verwaltung und kaufm\u00e4nnischen Betriebsf\u00fchrung von Kunden und Lieferanten besch\u00e4ftigt und eine Schnittstelle mit italienischen und ausl\u00e4ndischen Unternehmen darstellt. Sie arbeitet eng mit der Abteilung f\u00fcr Bestellungen und Produktionseinf\u00fchrungen zusammen, die sich um die Auftragsbest\u00e4tigungen k\u00fcmmert und den Produktionsbeginn freigibt.<br \/>\nDie technische Produktionsabteilung st\u00fctzt sich auf einen Park von mehr als 40 Maschinen und ist eine Schnittstelle mit dem Lager, das sich mit Versand und Warenabnahme besch\u00e4ftigt.<\/div>\n<\/div>\n<\/div>\n<p>&nbsp;<\/p>\n","protected":false},"excerpt":{"rendered":"<p>Einsatzgebiete Einsatzgebiete Textilmaschinen Uhrmacherhandwerk Goldschmied Kleinteile Kieferorthop\u00e4die Elektrische Kollektoren Allgemeine Mechanik Schl\u00fcssel Kunststoffe, Gummis, synthetische Verbundwerkstoffe und Brillen Gedruckte Schaltungen Einsatzgebiete Unsere Dienstleistungen AF.AR ist ein E12 international anerkanntes Unternehmen, besonders bei der Produktion elektrischer Kollektoren, im Textilmaschinenbereich f\u00fcr die Herstellung von Nadelbetten und Zylindern und in den Sektoren Mechanik und Automotive, wo es sich&#8230; <\/p>\n<div class=\"clear\"><\/div>\n<p><a href=\"https:\/\/www.afar-tools.com\/de\/einsatzgebiete-produkt\/\" class=\"excerpt-read-more\">Learn More<i class=\"fa fa-angle-double-right icon-double-angle-right\"><\/i><\/a><\/p>\n","protected":false},"author":1,"featured_media":0,"parent":0,"menu_order":0,"comment_status":"closed","ping_status":"closed","template":"","meta":{"_exactmetrics_skip_tracking":false,"_exactmetrics_sitenote_active":false,"_exactmetrics_sitenote_note":"","_exactmetrics_sitenote_category":0,"footnotes":""},"class_list":["post-4620","page","type-page","status-publish","hentry"],"_links":{"self":[{"href":"https:\/\/www.afar-tools.com\/de\/wp-json\/wp\/v2\/pages\/4620","targetHints":{"allow":["GET"]}}],"collection":[{"href":"https:\/\/www.afar-tools.com\/de\/wp-json\/wp\/v2\/pages"}],"about":[{"href":"https:\/\/www.afar-tools.com\/de\/wp-json\/wp\/v2\/types\/page"}],"author":[{"embeddable":true,"href":"https:\/\/www.afar-tools.com\/de\/wp-json\/wp\/v2\/users\/1"}],"replies":[{"embeddable":true,"href":"https:\/\/www.afar-tools.com\/de\/wp-json\/wp\/v2\/comments?post=4620"}],"version-history":[{"count":1,"href":"https:\/\/www.afar-tools.com\/de\/wp-json\/wp\/v2\/pages\/4620\/revisions"}],"predecessor-version":[{"id":7215,"href":"https:\/\/www.afar-tools.com\/de\/wp-json\/wp\/v2\/pages\/4620\/revisions\/7215"}],"wp:attachment":[{"href":"https:\/\/www.afar-tools.com\/de\/wp-json\/wp\/v2\/media?parent=4620"}],"curies":[{"name":"wp","href":"https:\/\/api.w.org\/{rel}","templated":true}]}}