{"id":4665,"date":"2015-08-07T10:20:26","date_gmt":"2015-08-07T08:20:26","guid":{"rendered":"https:\/\/www.afar-tools.com\/de\/contatti\/"},"modified":"2024-06-14T11:38:33","modified_gmt":"2024-06-14T09:38:33","slug":"kontakte-2","status":"publish","type":"page","link":"https:\/\/www.afar-tools.com\/de\/kontakte-2\/","title":{"rendered":"Kontakte"},"content":{"rendered":"<h1><span id=\"result_box\" class=\"\" lang=\"de\" tabindex=\"-1\"><span class=\"hps\">Kontakte &#8211;<\/span> <span class=\"hps\">AF.AR<\/span> <span class=\"hps\">Bohrmaschinen und<\/span> <span class=\"hps\">Kreiss\u00e4gen <\/span> <span class=\"hps\">Karbid<\/span><\/span><\/h1>\n<p><img loading=\"lazy\" decoding=\"async\" class=\"alignleft wp-image-4843 size-full\" title=\"Kontakte \" src=\"https:\/\/www.afar-tools.com\/wp-content\/uploads\/2015\/12\/icon_afar_3.png\" alt=\"Kontakte \" width=\"140\" height=\"140\" \/><\/p>\n<p>Hinterlassen Sie Ihre Kontaktdaten und f\u00fcllen Sie das Formular AF.AR Bohrer und Kreiss\u00e4gen Karbid mehr Informationen \u00fcber unsere Produkte und Dienstleistungen zu erhalten, f\u00fcr kommerzielle Angebote, f\u00fcr administrative oder technische Hilfe.<\/p>\n<h2 class=\"gdlr-heading-shortcode \">AF.AR, eine Teamarbeit<\/h2>\n<p>Das AF.AR-Personal besteht aus\u00a0 fachlich hochqualifizierten Mitarbeitern; das Team ist in einem einfachen und linearen Organigramm strukturiert, um den Kunden und den sich st\u00e4ndig evolvierenden Markt unbedingt zufrieden zu stellen.<\/p>\n<p>Die im Laufe der Jahre gewonnene Erfahrung und das t\u00e4gliche Engagement erm\u00f6glichten es AF.AR, auf allen Ebenen ein komplexes und umfassendes Verwaltungssystem der Produktions-, Logistik und Managementprozesse auszuarbeiten.<\/p>\n<div class=\"twelve columns\">\n<div class=\"gdlr-item gdlr-content-item\">\n<h3>Unsere Dienstleistungen<\/h3>\n<p>AF.AR ist ein E12 international anerkanntes Unternehmen, besonders bei der Produktion elektrischer Kollektoren, im Textilmaschinenbereich f\u00fcr die Herstellung von Nadelbetten und Zylindern und in den Sektoren Mechanik und Automotive, wo es sich als f\u00fchrendes Unternehmen in der Herstellung von Kreiss\u00e4gen und Fr\u00e4sen aus Hartmetall aller Art durchgesetzt hat.<br \/>\nProduktionspalette von 8,00 mm bis 300,00 mm Durchmesser.<br \/>\nDicken von 0,05 mm bis 60,00 mm (in Korrelation zum Au\u00dfendurchmesser)<\/p>\n<\/div>\n<\/div>\n","protected":false},"excerpt":{"rendered":"<p>Kontakte &#8211; AF.AR Bohrmaschinen und Kreiss\u00e4gen Karbid Hinterlassen Sie Ihre Kontaktdaten und f\u00fcllen Sie das Formular AF.AR Bohrer und Kreiss\u00e4gen Karbid mehr Informationen \u00fcber unsere Produkte und Dienstleistungen zu erhalten, f\u00fcr kommerzielle Angebote, f\u00fcr administrative oder technische Hilfe. AF.AR, eine Teamarbeit Das AF.AR-Personal besteht aus\u00a0 fachlich hochqualifizierten Mitarbeitern; das Team ist in einem einfachen und&#8230; <\/p>\n<div class=\"clear\"><\/div>\n<p><a href=\"https:\/\/www.afar-tools.com\/de\/kontakte-2\/\" class=\"excerpt-read-more\">Learn More<i class=\"fa fa-angle-double-right icon-double-angle-right\"><\/i><\/a><\/p>\n","protected":false},"author":1,"featured_media":0,"parent":0,"menu_order":0,"comment_status":"closed","ping_status":"open","template":"","meta":{"_exactmetrics_skip_tracking":false,"_exactmetrics_sitenote_active":false,"_exactmetrics_sitenote_note":"","_exactmetrics_sitenote_category":0,"footnotes":""},"class_list":["post-4665","page","type-page","status-publish","hentry"],"_links":{"self":[{"href":"https:\/\/www.afar-tools.com\/de\/wp-json\/wp\/v2\/pages\/4665","targetHints":{"allow":["GET"]}}],"collection":[{"href":"https:\/\/www.afar-tools.com\/de\/wp-json\/wp\/v2\/pages"}],"about":[{"href":"https:\/\/www.afar-tools.com\/de\/wp-json\/wp\/v2\/types\/page"}],"author":[{"embeddable":true,"href":"https:\/\/www.afar-tools.com\/de\/wp-json\/wp\/v2\/users\/1"}],"replies":[{"embeddable":true,"href":"https:\/\/www.afar-tools.com\/de\/wp-json\/wp\/v2\/comments?post=4665"}],"version-history":[{"count":4,"href":"https:\/\/www.afar-tools.com\/de\/wp-json\/wp\/v2\/pages\/4665\/revisions"}],"predecessor-version":[{"id":7458,"href":"https:\/\/www.afar-tools.com\/de\/wp-json\/wp\/v2\/pages\/4665\/revisions\/7458"}],"wp:attachment":[{"href":"https:\/\/www.afar-tools.com\/de\/wp-json\/wp\/v2\/media?parent=4665"}],"curies":[{"name":"wp","href":"https:\/\/api.w.org\/{rel}","templated":true}]}}