{"id":7175,"date":"2016-09-26T16:21:15","date_gmt":"2016-09-26T14:21:15","guid":{"rendered":"https:\/\/www.afar-tools.com\/applicazioni\/applicazioni-per-collettori-e-motori-elettrici\/"},"modified":"2018-07-09T15:33:14","modified_gmt":"2018-07-09T13:33:14","slug":"anwendungen-fuer-elektrische-kollektoren","status":"publish","type":"page","link":"https:\/\/www.afar-tools.com\/de\/einsatzgebiete\/anwendungen-fuer-elektrische-kollektoren\/","title":{"rendered":"Anwendungen f\u00fcr elektrische kollektoren"},"content":{"rendered":"<h3 class=\"gdlr-item-title gdlr-skin-title gdlr-skin-border\" style=\"font-size: 24px;\">Fr\u00e4ser f\u00fcr die elektromechanik<\/h3>\n<p>Diese typen werden in manuellen u\/o automatischen maschinen f\u00fcr die fr\u00e4sung von kleinen und mittleren kollektoren sowohl in der produktion als auch in der instandhaltung eingesetzt.<br \/>\nDieselben fr\u00e4sertypen mit gr\u00f6sserem durchmesser sind f\u00fcr die bearbeitung von gossen teilen geeignet.<br \/>\nNormalerweise werden dies fr\u00e4ser nach kundenspezifikation gefertigt (durchmesser\/aufnahmeloch\/ zahnanzahl \/winkel)<\/p>\n<p>&nbsp;<\/p>\n<p><img loading=\"lazy\" decoding=\"async\" class=\"alignnone size-full wp-image-6850\" src=\"https:\/\/www.afar-tools.com\/wp-content\/uploads\/2016\/09\/frese-per-elettromeccanica-1.jpg\" alt=\"frese per elettromeccanica\" width=\"1024\" height=\"643\" srcset=\"https:\/\/www.afar-tools.com\/wp-content\/uploads\/2016\/09\/frese-per-elettromeccanica-1.jpg 1024w, https:\/\/www.afar-tools.com\/wp-content\/uploads\/2016\/09\/frese-per-elettromeccanica-1-300x188.jpg 300w, https:\/\/www.afar-tools.com\/wp-content\/uploads\/2016\/09\/frese-per-elettromeccanica-1-768x482.jpg 768w\" sizes=\"auto, (max-width: 1024px) 100vw, 1024px\" \/><\/p>\n<h3 class=\"gdlr-item-title gdlr-skin-title gdlr-skin-border\" style=\"font-size: 24px;\">Reinforced mills<\/h3>\n<p><img loading=\"lazy\" decoding=\"async\" class=\"alignnone size-full wp-image-6798\" src=\"https:\/\/www.afar-tools.com\/wp-content\/uploads\/2016\/09\/frese-con-rinforzo.jpg\" alt=\"frese con rinforzo\" width=\"1024\" height=\"283\" srcset=\"https:\/\/www.afar-tools.com\/wp-content\/uploads\/2016\/09\/frese-con-rinforzo.jpg 1024w, https:\/\/www.afar-tools.com\/wp-content\/uploads\/2016\/09\/frese-con-rinforzo-300x83.jpg 300w, https:\/\/www.afar-tools.com\/wp-content\/uploads\/2016\/09\/frese-con-rinforzo-768x212.jpg 768w\" sizes=\"auto, (max-width: 1024px) 100vw, 1024px\" \/><\/p>\n<table>\n<tbody>\n<tr>\n<th><\/th>\n<th>D<\/th>\n<th>F<\/th>\n<th>M<\/th>\n<th>S1<\/th>\n<th>S<\/th>\n<th>Z<\/th>\n<\/tr>\n<tr>\n<td>EMM10<\/td>\n<td>10<\/td>\n<td>3<\/td>\n<td>6<\/td>\n<td>0.3-1.0<\/td>\n<td>1.1<\/td>\n<td>10<\/td>\n<\/tr>\n<tr>\n<td>EMM15<\/td>\n<td>15<\/td>\n<td>5<\/td>\n<td>7.5<\/td>\n<td>0.4-1.0<\/td>\n<td>1.1<\/td>\n<td>16<\/td>\n<\/tr>\n<tr>\n<td>EMM21<\/td>\n<td>21<\/td>\n<td>7<\/td>\n<td>10<\/td>\n<td>0.4-10<\/td>\n<td>1.1<\/td>\n<td>20<\/td>\n<\/tr>\n<\/tbody>\n<\/table>\n<h3 class=\"gdlr-item-title gdlr-skin-title gdlr-skin-border\" style=\"font-size: 24px;\"><\/h3>\n<h3 class=\"gdlr-item-title gdlr-skin-title gdlr-skin-border\" style=\"font-size: 24px;\">Standard saege<\/h3>\n<p><img loading=\"lazy\" decoding=\"async\" class=\"alignnone size-full wp-image-6855\" src=\"https:\/\/www.afar-tools.com\/wp-content\/uploads\/2016\/09\/frese-normali.jpg\" alt=\"frese normali\" width=\"1024\" height=\"283\" srcset=\"https:\/\/www.afar-tools.com\/wp-content\/uploads\/2016\/09\/frese-normali.jpg 1024w, https:\/\/www.afar-tools.com\/wp-content\/uploads\/2016\/09\/frese-normali-300x83.jpg 300w, https:\/\/www.afar-tools.com\/wp-content\/uploads\/2016\/09\/frese-normali-768x212.jpg 768w\" sizes=\"auto, (max-width: 1024px) 100vw, 1024px\" \/><\/p>\n<table>\n<tbody>\n<tr>\n<th><\/th>\n<th>D<\/th>\n<th>F<\/th>\n<th>S1<\/th>\n<th>Z<\/th>\n<\/tr>\n<tr>\n<td>EMN32<\/td>\n<td>32<\/td>\n<td>8<\/td>\n<td>0.3-2.0<\/td>\n<td>24<\/td>\n<\/tr>\n<tr>\n<td>EMN35<\/td>\n<td>35<\/td>\n<td>10<\/td>\n<td>0.4-1.0<\/td>\n<td>20<\/td>\n<\/tr>\n<tr>\n<td>EMN40<\/td>\n<td>40<\/td>\n<td>10-16<\/td>\n<td>0.4-2.8<\/td>\n<td>24-32<\/td>\n<\/tr>\n<\/tbody>\n<\/table>\n<h3 class=\"gdlr-item-title gdlr-skin-title gdlr-skin-border\" style=\"font-size: 24px;\"><\/h3>\n<h3 class=\"gdlr-item-title gdlr-skin-title gdlr-skin-border\" style=\"font-size: 24px;\">Saege in s\u00e4tze<\/h3>\n<p><img loading=\"lazy\" decoding=\"async\" class=\"alignnone size-full wp-image-6862\" src=\"https:\/\/www.afar-tools.com\/wp-content\/uploads\/2016\/09\/frese-a-gruppo.jpg\" alt=\"frese a gruppo\" width=\"1024\" height=\"283\" srcset=\"https:\/\/www.afar-tools.com\/wp-content\/uploads\/2016\/09\/frese-a-gruppo.jpg 1024w, https:\/\/www.afar-tools.com\/wp-content\/uploads\/2016\/09\/frese-a-gruppo-300x83.jpg 300w, https:\/\/www.afar-tools.com\/wp-content\/uploads\/2016\/09\/frese-a-gruppo-768x212.jpg 768w\" sizes=\"auto, (max-width: 1024px) 100vw, 1024px\" \/><\/p>\n<table>\n<tbody>\n<tr>\n<th style=\"width: 57px;\"><\/th>\n<th style=\"width: 22px;\">D<\/th>\n<th style=\"width: 28px;\">DL<\/th>\n<th style=\"width: 28px;\">F<\/th>\n<th style=\"width: 54px;\">S<\/th>\n<th style=\"width: 22px;\">SL<\/th>\n<th style=\"width: 22px;\">Z<\/th>\n<th style=\"width: 29px;\">A\u00b0<\/th>\n<\/tr>\n<tr>\n<td style=\"width: 57px;\">EMN10<\/td>\n<td style=\"width: 22px;\">10<\/td>\n<td style=\"width: 28px;\"><\/td>\n<td style=\"width: 28px;\">3<\/td>\n<td style=\"width: 54px;\">0.4-1.0<\/td>\n<td style=\"width: 22px;\"><\/td>\n<td style=\"width: 22px;\">6 -10<\/td>\n<td style=\"width: 29px;\"><\/td>\n<\/tr>\n<tr>\n<td style=\"width: 57px;\">ELL10<\/td>\n<td style=\"width: 22px;\"><\/td>\n<td style=\"width: 28px;\">8.5<\/td>\n<td style=\"width: 28px;\">3<\/td>\n<td style=\"width: 54px;\"><\/td>\n<td style=\"width: 22px;\">1<\/td>\n<td style=\"width: 22px;\">6-10<\/td>\n<td style=\"width: 29px;\">45\u00b0<\/td>\n<\/tr>\n<tr>\n<td style=\"width: 57px;\">ELR10<\/td>\n<td style=\"width: 22px;\"><\/td>\n<td style=\"width: 28px;\">8.5<\/td>\n<td style=\"width: 28px;\">3<\/td>\n<td style=\"width: 54px;\"><\/td>\n<td style=\"width: 22px;\">1<\/td>\n<td style=\"width: 22px;\">6-10<\/td>\n<td style=\"width: 29px;\">45\u00b0<\/td>\n<\/tr>\n<tr>\n<td style=\"width: 57px;\"><\/td>\n<td style=\"width: 22px;\"><\/td>\n<td style=\"width: 28px;\"><\/td>\n<td style=\"width: 28px;\"><\/td>\n<td style=\"width: 54px;\"><\/td>\n<td style=\"width: 22px;\"><\/td>\n<td style=\"width: 22px;\"><\/td>\n<td style=\"width: 29px;\"><\/td>\n<\/tr>\n<tr>\n<td style=\"width: 57px;\">EMN15<\/td>\n<td style=\"width: 22px;\">15<\/td>\n<td style=\"width: 28px;\"><\/td>\n<td style=\"width: 28px;\">5<\/td>\n<td style=\"width: 54px;\">0.4-1.0<\/td>\n<td style=\"width: 22px;\"><\/td>\n<td style=\"width: 22px;\">10<\/td>\n<td style=\"width: 29px;\"><\/td>\n<\/tr>\n<tr>\n<td style=\"width: 57px;\">ELL15<\/td>\n<td style=\"width: 22px;\"><\/td>\n<td style=\"width: 28px;\">13.5<\/td>\n<td style=\"width: 28px;\">5<\/td>\n<td style=\"width: 54px;\"><\/td>\n<td style=\"width: 22px;\">1<\/td>\n<td style=\"width: 22px;\">10<\/td>\n<td style=\"width: 29px;\">45\u00b0<\/td>\n<\/tr>\n<tr>\n<td style=\"width: 57px;\">ELR15<\/td>\n<td style=\"width: 22px;\"><\/td>\n<td style=\"width: 28px;\">13.5<\/td>\n<td style=\"width: 28px;\">5<\/td>\n<td style=\"width: 54px;\"><\/td>\n<td style=\"width: 22px;\">1<\/td>\n<td style=\"width: 22px;\">10<\/td>\n<td style=\"width: 29px;\">45\u00b0<\/td>\n<\/tr>\n<tr>\n<td style=\"width: 57px;\"><\/td>\n<td style=\"width: 22px;\"><\/td>\n<td style=\"width: 28px;\"><\/td>\n<td style=\"width: 28px;\"><\/td>\n<td style=\"width: 54px;\"><\/td>\n<td style=\"width: 22px;\"><\/td>\n<td style=\"width: 22px;\"><\/td>\n<td style=\"width: 29px;\"><\/td>\n<\/tr>\n<tr>\n<td style=\"width: 57px;\">EMN21<\/td>\n<td style=\"width: 22px;\">21<\/td>\n<td style=\"width: 28px;\"><\/td>\n<td style=\"width: 28px;\">7<\/td>\n<td style=\"width: 54px;\">0.4-2.0<\/td>\n<td style=\"width: 22px;\"><\/td>\n<td style=\"width: 22px;\">12<\/td>\n<td style=\"width: 29px;\"><\/td>\n<\/tr>\n<tr>\n<td style=\"width: 57px;\">ELL21<\/td>\n<td style=\"width: 22px;\"><\/td>\n<td style=\"width: 28px;\">19<\/td>\n<td style=\"width: 28px;\">7<\/td>\n<td style=\"width: 54px;\"><\/td>\n<td style=\"width: 22px;\">1<\/td>\n<td style=\"width: 22px;\">12<\/td>\n<td style=\"width: 29px;\">30\u00b0 &#8211; 45\u00b0<\/td>\n<\/tr>\n<tr>\n<td style=\"width: 57px;\">ELR21<\/td>\n<td style=\"width: 22px;\"><\/td>\n<td style=\"width: 28px;\">19<\/td>\n<td style=\"width: 28px;\">7<\/td>\n<td style=\"width: 54px;\"><\/td>\n<td style=\"width: 22px;\">1<\/td>\n<td style=\"width: 22px;\">12<\/td>\n<td style=\"width: 29px;\">30\u00b0 &#8211; 45\u00b0<\/td>\n<\/tr>\n<tr>\n<td style=\"width: 57px;\"><\/td>\n<td style=\"width: 22px;\"><\/td>\n<td style=\"width: 28px;\"><\/td>\n<td style=\"width: 28px;\"><\/td>\n<td style=\"width: 54px;\"><\/td>\n<td style=\"width: 22px;\"><\/td>\n<td style=\"width: 22px;\"><\/td>\n<td style=\"width: 29px;\"><\/td>\n<\/tr>\n<tr>\n<td style=\"width: 57px;\">EMN25<\/td>\n<td style=\"width: 22px;\">25<\/td>\n<td style=\"width: 28px;\"><\/td>\n<td style=\"width: 28px;\">7-8<\/td>\n<td style=\"width: 54px;\">0.4-2.0<\/td>\n<td style=\"width: 22px;\"><\/td>\n<td style=\"width: 22px;\">20<\/td>\n<td style=\"width: 29px;\"><\/td>\n<\/tr>\n<tr>\n<td style=\"width: 57px;\">ELL25<\/td>\n<td style=\"width: 22px;\"><\/td>\n<td style=\"width: 28px;\">23<\/td>\n<td style=\"width: 28px;\">7-8<\/td>\n<td style=\"width: 54px;\"><\/td>\n<td style=\"width: 22px;\">1<\/td>\n<td style=\"width: 22px;\">20<\/td>\n<td style=\"width: 29px;\">45\u00b0<\/td>\n<\/tr>\n<tr>\n<td style=\"width: 57px;\">ELR25<\/td>\n<td style=\"width: 22px;\"><\/td>\n<td style=\"width: 28px;\">23<\/td>\n<td style=\"width: 28px;\">7-8<\/td>\n<td style=\"width: 54px;\"><\/td>\n<td style=\"width: 22px;\">1<\/td>\n<td style=\"width: 22px;\">20<\/td>\n<td style=\"width: 29px;\">45\u00b0<\/td>\n<\/tr>\n<\/tbody>\n<\/table>\n<h3 class=\"gdlr-item-title gdlr-skin-title gdlr-skin-border\" style=\"font-size: 24px;\"><\/h3>\n<h3 class=\"gdlr-item-title gdlr-skin-title gdlr-skin-border\" style=\"font-size: 24px;\">Saege \u201cV\u201d<\/h3>\n<p><img loading=\"lazy\" decoding=\"async\" class=\"alignnone size-full wp-image-6869\" src=\"https:\/\/www.afar-tools.com\/wp-content\/uploads\/2016\/09\/frese-a-V.jpg\" alt=\"Frese a V\" width=\"1024\" height=\"283\" srcset=\"https:\/\/www.afar-tools.com\/wp-content\/uploads\/2016\/09\/frese-a-V.jpg 1024w, https:\/\/www.afar-tools.com\/wp-content\/uploads\/2016\/09\/frese-a-V-300x83.jpg 300w, https:\/\/www.afar-tools.com\/wp-content\/uploads\/2016\/09\/frese-a-V-768x212.jpg 768w\" sizes=\"auto, (max-width: 1024px) 100vw, 1024px\" \/><\/p>\n<table>\n<tbody>\n<tr>\n<th style=\"width: 57px;\"><\/th>\n<th style=\"width: 22px;\">D<\/th>\n<th style=\"width: 28px;\">F<\/th>\n<th style=\"width: 54px;\">S<\/th>\n<th style=\"width: 22px;\">Z<\/th>\n<th style=\"width: 29px;\">A\u00b0<\/th>\n<\/tr>\n<tr>\n<td style=\"width: 57px;\">EMV12<\/td>\n<td style=\"width: 22px;\">12<\/td>\n<td style=\"width: 28px;\">5<\/td>\n<td style=\"width: 54px;\">0.4-1.0<\/td>\n<td style=\"width: 22px;\">10<\/td>\n<td style=\"width: 29px;\">20\u00b0<\/td>\n<\/tr>\n<tr>\n<td style=\"width: 57px;\">EMV15<\/td>\n<td style=\"width: 22px;\">15<\/td>\n<td style=\"width: 28px;\">5<\/td>\n<td style=\"width: 54px;\">0.4-1.0<\/td>\n<td style=\"width: 22px;\">12<\/td>\n<td style=\"width: 29px;\">20\u00b0<\/td>\n<\/tr>\n<tr>\n<td style=\"width: 57px;\">EMV21<\/td>\n<td style=\"width: 22px;\">21<\/td>\n<td style=\"width: 28px;\">7<\/td>\n<td style=\"width: 54px;\">0.4-1.8<\/td>\n<td style=\"width: 22px;\">16<\/td>\n<td style=\"width: 29px;\">20\u00b0<\/td>\n<\/tr>\n<tr>\n<td style=\"width: 57px;\">EMV25<\/td>\n<td style=\"width: 22px;\">25<\/td>\n<td style=\"width: 28px;\">7-8<\/td>\n<td style=\"width: 54px;\">06.-2.0<\/td>\n<td style=\"width: 22px;\">20<\/td>\n<td style=\"width: 29px;\">20\u00b0<\/td>\n<\/tr>\n<\/tbody>\n<\/table>\n","protected":false},"excerpt":{"rendered":"<p>Fr\u00e4ser f\u00fcr die elektromechanik Diese typen werden in manuellen u\/o automatischen maschinen f\u00fcr die fr\u00e4sung von kleinen und mittleren kollektoren sowohl in der produktion als auch in der instandhaltung eingesetzt. Dieselben fr\u00e4sertypen mit gr\u00f6sserem durchmesser sind f\u00fcr die bearbeitung von gossen teilen geeignet. Normalerweise werden dies fr\u00e4ser nach kundenspezifikation gefertigt (durchmesser\/aufnahmeloch\/ zahnanzahl \/winkel) &nbsp; Reinforced&#8230; <\/p>\n<div class=\"clear\"><\/div>\n<p><a href=\"https:\/\/www.afar-tools.com\/de\/einsatzgebiete\/anwendungen-fuer-elektrische-kollektoren\/\" class=\"excerpt-read-more\">Learn More<i class=\"fa fa-angle-double-right icon-double-angle-right\"><\/i><\/a><\/p>\n","protected":false},"author":1,"featured_media":0,"parent":7161,"menu_order":0,"comment_status":"closed","ping_status":"closed","template":"","meta":{"_exactmetrics_skip_tracking":false,"_exactmetrics_sitenote_active":false,"_exactmetrics_sitenote_note":"","_exactmetrics_sitenote_category":0,"footnotes":""},"class_list":["post-7175","page","type-page","status-publish","hentry"],"_links":{"self":[{"href":"https:\/\/www.afar-tools.com\/de\/wp-json\/wp\/v2\/pages\/7175","targetHints":{"allow":["GET"]}}],"collection":[{"href":"https:\/\/www.afar-tools.com\/de\/wp-json\/wp\/v2\/pages"}],"about":[{"href":"https:\/\/www.afar-tools.com\/de\/wp-json\/wp\/v2\/types\/page"}],"author":[{"embeddable":true,"href":"https:\/\/www.afar-tools.com\/de\/wp-json\/wp\/v2\/users\/1"}],"replies":[{"embeddable":true,"href":"https:\/\/www.afar-tools.com\/de\/wp-json\/wp\/v2\/comments?post=7175"}],"version-history":[{"count":3,"href":"https:\/\/www.afar-tools.com\/de\/wp-json\/wp\/v2\/pages\/7175\/revisions"}],"predecessor-version":[{"id":7225,"href":"https:\/\/www.afar-tools.com\/de\/wp-json\/wp\/v2\/pages\/7175\/revisions\/7225"}],"up":[{"embeddable":true,"href":"https:\/\/www.afar-tools.com\/de\/wp-json\/wp\/v2\/pages\/7161"}],"wp:attachment":[{"href":"https:\/\/www.afar-tools.com\/de\/wp-json\/wp\/v2\/media?parent=7175"}],"curies":[{"name":"wp","href":"https:\/\/api.w.org\/{rel}","templated":true}]}}