{"id":7195,"date":"2018-07-06T14:47:45","date_gmt":"2018-07-06T12:47:45","guid":{"rendered":"https:\/\/www.afar-tools.com\/applicazioni\/applicazioni-per-circuiti-stampati\/"},"modified":"2018-07-10T16:22:03","modified_gmt":"2018-07-10T14:22:03","slug":"anwendungen-fuer-gedruckte-schaltungen","status":"publish","type":"page","link":"https:\/\/www.afar-tools.com\/de\/einsatzgebiete\/anwendungen-fuer-gedruckte-schaltungen\/","title":{"rendered":"Anwendungen f\u00fcr gedruckte schaltungen"},"content":{"rendered":"<p>Diese werkzeuge sind teil der in den vorgehenden seiten erw\u00e4hnten 70\u00b0 unserer hauptprodukte.<br \/>\nBei herstellern besser bekannt unter der bezeichnung \u201escoringmesser\u201c. Die fr\u00e4ser sind laut<br \/>\nstandard nach durchmesser \u2013 aufnahmeloch \u2013 zahnanzahl und schr\u00e4nkung unterteilt. Die norm<br \/>\nsieht eine schr\u00e4nkung von 30\u00b0 vor. afar ist aber auch in der lage eine schneidenwinkelung von 20\u00b0<br \/>\nund 15\u00b0 zu fertigen, um auch bei tieferen schnitten eine geringere schnittbreite zu erreichen. Dies ist<br \/>\nnotwendig, wenn die leiterbahnen bis zu 0,4-0,5mm distanz voneinander haben. Unsere tabelle auf seite<br \/>\n28 hilft ihnen die richtige schr\u00e4nkung entsprechend den erfordernissen zu w\u00e4hlen.<br \/>\n<img loading=\"lazy\" decoding=\"async\" class=\"alignnone size-full wp-image-7121\" src=\"https:\/\/www.afar-tools.com\/wp-content\/uploads\/2018\/07\/fresa-scoring.jpg\" alt=\"fresa scoring\" width=\"1861\" height=\"1116\" srcset=\"https:\/\/www.afar-tools.com\/wp-content\/uploads\/2018\/07\/fresa-scoring.jpg 1861w, https:\/\/www.afar-tools.com\/wp-content\/uploads\/2018\/07\/fresa-scoring-300x180.jpg 300w, https:\/\/www.afar-tools.com\/wp-content\/uploads\/2018\/07\/fresa-scoring-768x461.jpg 768w, https:\/\/www.afar-tools.com\/wp-content\/uploads\/2018\/07\/fresa-scoring-1024x614.jpg 1024w\" sizes=\"auto, (max-width: 1861px) 100vw, 1861px\" \/><\/p>\n<h3 class=\"gdlr-item-title gdlr-skin-title gdlr-skin-border\" style=\"font-size: 24px;\">Zweirichtungsfr\u00e4ser<\/h3>\n<p>Dieser werkzeugtyp wird in cnc-maschinen eingesetzt, mit denen es m\u00f6glich ist, das werkzeug<br \/>\nsowohl in als auch gegen die uhrzeigerrichtung zu drehen<br \/>\n<img loading=\"lazy\" decoding=\"async\" class=\"alignnone size-full wp-image-7128\" src=\"https:\/\/www.afar-tools.com\/wp-content\/uploads\/2018\/07\/fresa-birotazionale.jpg\" alt=\"fresa birotazionale\" width=\"1360\" height=\"631\" srcset=\"https:\/\/www.afar-tools.com\/wp-content\/uploads\/2018\/07\/fresa-birotazionale.jpg 1360w, https:\/\/www.afar-tools.com\/wp-content\/uploads\/2018\/07\/fresa-birotazionale-300x139.jpg 300w, https:\/\/www.afar-tools.com\/wp-content\/uploads\/2018\/07\/fresa-birotazionale-768x356.jpg 768w, https:\/\/www.afar-tools.com\/wp-content\/uploads\/2018\/07\/fresa-birotazionale-1024x475.jpg 1024w\" sizes=\"auto, (max-width: 1360px) 100vw, 1360px\" \/><\/p>\n<table border=\"0\" width=\"100%\" cellspacing=\"0\" cellpadding=\"0\">\n<tbody>\n<tr>\n<td><strong>AUSZUF\u00dcHRENDE SCHNITTIEFE<\/strong><\/td>\n<td colspan=\"5\" align=\"center\"><strong>SCHNITTBREITE AUF DER OBERFL\u00c4CHE<\/strong><\/td>\n<\/tr>\n<tr>\n<td>mm.<\/td>\n<td><strong>FR\u00c4SER 15\u00b0<\/strong><\/td>\n<td><strong>FR\u00c4SER 20\u00b0<\/strong><\/td>\n<td><strong>FR\u00c4SER 30\u00b0<\/strong><\/td>\n<td><strong>FR\u00c4SER 45\u00b0<\/strong><\/td>\n<td><strong>FR\u00c4SER 60\u00b0<\/strong><\/td>\n<\/tr>\n<tr>\n<td>0.1<\/td>\n<td>0.126<\/td>\n<td>0.135<\/td>\n<td>0.153<\/td>\n<td>0.182<\/td>\n<td>0.215<\/td>\n<\/tr>\n<tr>\n<td>0.2<\/td>\n<td>0.153<\/td>\n<td>0.170<\/td>\n<td>0.207<\/td>\n<td>0.265<\/td>\n<td>0.330<\/td>\n<\/tr>\n<tr>\n<td>0.3<\/td>\n<td>0.179<\/td>\n<td>0.205<\/td>\n<td>0.260<\/td>\n<td>0.348<\/td>\n<td>0.446<\/td>\n<\/tr>\n<tr>\n<td>0.4<\/td>\n<td>0.206<\/td>\n<td>0.240<\/td>\n<td>0.314<\/td>\n<td>0.431<\/td>\n<td>0.561<\/td>\n<\/tr>\n<tr>\n<td>0.5<\/td>\n<td>0.232<\/td>\n<td>0.276<\/td>\n<td>0.368<\/td>\n<td>0.514<\/td>\n<td>0.677<\/td>\n<\/tr>\n<tr>\n<td>0.6<\/td>\n<td>0.258<\/td>\n<td>0.311<\/td>\n<td>0.421<\/td>\n<td>0.596<\/td>\n<td>0.792<\/td>\n<\/tr>\n<tr>\n<td>0.7<\/td>\n<td>0.285<\/td>\n<td>0.346<\/td>\n<td>0.475<\/td>\n<td>0.679<\/td>\n<td>0.907<\/td>\n<\/tr>\n<tr>\n<td>0.8<\/td>\n<td>0.311<\/td>\n<td>0.381<\/td>\n<td>0.528<\/td>\n<td>0.762<\/td>\n<td>1.023<\/td>\n<\/tr>\n<tr>\n<td>0.9<\/td>\n<td>0.338<\/td>\n<td>0.416<\/td>\n<td>0.582<\/td>\n<td>0.845<\/td>\n<td>1.138<\/td>\n<\/tr>\n<tr>\n<td>1.0<\/td>\n<td>0.364<\/td>\n<td>0.452<\/td>\n<td>0.636<\/td>\n<td>0.928<\/td>\n<td>1.254<\/td>\n<\/tr>\n<\/tbody>\n<\/table>\n<p>Beispiel: wenn es notwendig ist; eine leiterplatte mit einer dicke von1,6mm zwischen zwei bahnen mit<br \/>\neinem abstand von 0,45mm zu trennen, ist ein fr\u00e4ser mit einer schr\u00e4nkung von 20\u00b0 zu verwenden, da<br \/>\ndieser eine schnittbreite von nur 0,381mm erreicht<\/p>\n<h3 class=\"gdlr-item-title gdlr-skin-title gdlr-skin-border\" style=\"font-size: 24px;\">Gummiring<\/h3>\n<p>Dieses zubeh\u00f6rteil wird gemeinsam mit dem fr\u00e4ser auf die aufnahme gespannt, um die schneide w\u00e4hrend des schnittes zu f\u00fchren.<br \/>\nAuch hier haben wir einen standard sowohl dimensional als auch in hisicht auf die materialh\u00e4rte eingef\u00fchrt (standardh\u00e4rte 50 shore)<br \/>\n<img loading=\"lazy\" decoding=\"async\" class=\"alignnone size-full wp-image-7135\" src=\"https:\/\/www.afar-tools.com\/wp-content\/uploads\/2018\/07\/rullo-in-gomma.jpg\" alt=\"rullo in gomma\" width=\"1082\" height=\"899\" srcset=\"https:\/\/www.afar-tools.com\/wp-content\/uploads\/2018\/07\/rullo-in-gomma.jpg 1082w, https:\/\/www.afar-tools.com\/wp-content\/uploads\/2018\/07\/rullo-in-gomma-300x249.jpg 300w, https:\/\/www.afar-tools.com\/wp-content\/uploads\/2018\/07\/rullo-in-gomma-768x638.jpg 768w, https:\/\/www.afar-tools.com\/wp-content\/uploads\/2018\/07\/rullo-in-gomma-1024x851.jpg 1024w\" sizes=\"auto, (max-width: 1082px) 100vw, 1082px\" \/><br \/>\nWie in allen bereichen ist haben die anwender ihren maschinenpark entsprechend ihren bed\u00fcrfnissen eingerichtet, so dass nicht immer normwerkzeuge eingesetzt werden k\u00f6nnen. Aber auch hier ist unsere fertigung und entwicklung in der lage die entsprechenden werkzeuge zu entwickeln und zu fertigen.<\/p>\n","protected":false},"excerpt":{"rendered":"<p>Diese werkzeuge sind teil der in den vorgehenden seiten erw\u00e4hnten 70\u00b0 unserer hauptprodukte. Bei herstellern besser bekannt unter der bezeichnung \u201escoringmesser\u201c. Die fr\u00e4ser sind laut standard nach durchmesser \u2013 aufnahmeloch \u2013 zahnanzahl und schr\u00e4nkung unterteilt. Die norm sieht eine schr\u00e4nkung von 30\u00b0 vor. afar ist aber auch in der lage eine schneidenwinkelung von 20\u00b0 und&#8230; <\/p>\n<div class=\"clear\"><\/div>\n<p><a href=\"https:\/\/www.afar-tools.com\/de\/einsatzgebiete\/anwendungen-fuer-gedruckte-schaltungen\/\" class=\"excerpt-read-more\">Learn More<i class=\"fa fa-angle-double-right icon-double-angle-right\"><\/i><\/a><\/p>\n","protected":false},"author":1,"featured_media":0,"parent":7161,"menu_order":0,"comment_status":"closed","ping_status":"closed","template":"","meta":{"_exactmetrics_skip_tracking":false,"_exactmetrics_sitenote_active":false,"_exactmetrics_sitenote_note":"","_exactmetrics_sitenote_category":0,"footnotes":""},"class_list":["post-7195","page","type-page","status-publish","hentry"],"_links":{"self":[{"href":"https:\/\/www.afar-tools.com\/de\/wp-json\/wp\/v2\/pages\/7195","targetHints":{"allow":["GET"]}}],"collection":[{"href":"https:\/\/www.afar-tools.com\/de\/wp-json\/wp\/v2\/pages"}],"about":[{"href":"https:\/\/www.afar-tools.com\/de\/wp-json\/wp\/v2\/types\/page"}],"author":[{"embeddable":true,"href":"https:\/\/www.afar-tools.com\/de\/wp-json\/wp\/v2\/users\/1"}],"replies":[{"embeddable":true,"href":"https:\/\/www.afar-tools.com\/de\/wp-json\/wp\/v2\/comments?post=7195"}],"version-history":[{"count":5,"href":"https:\/\/www.afar-tools.com\/de\/wp-json\/wp\/v2\/pages\/7195\/revisions"}],"predecessor-version":[{"id":7222,"href":"https:\/\/www.afar-tools.com\/de\/wp-json\/wp\/v2\/pages\/7195\/revisions\/7222"}],"up":[{"embeddable":true,"href":"https:\/\/www.afar-tools.com\/de\/wp-json\/wp\/v2\/pages\/7161"}],"wp:attachment":[{"href":"https:\/\/www.afar-tools.com\/de\/wp-json\/wp\/v2\/media?parent=7195"}],"curies":[{"name":"wp","href":"https:\/\/api.w.org\/{rel}","templated":true}]}}