{"id":7226,"date":"2018-07-06T14:14:47","date_gmt":"2018-07-06T12:14:47","guid":{"rendered":"https:\/\/www.afar-tools.com\/einsatzgebiete\/applicazioni-per-occhiali-gomma-plastica-e-legno\/"},"modified":"2018-07-09T15:43:26","modified_gmt":"2018-07-09T13:43:26","slug":"anwendungen-fuer-kunststoffe-gummis-synthetische-verbundwerkstoffe-und-brillen","status":"publish","type":"page","link":"https:\/\/www.afar-tools.com\/de\/einsatzgebiete\/anwendungen-fuer-kunststoffe-gummis-synthetische-verbundwerkstoffe-und-brillen\/","title":{"rendered":"Anwendungen f\u00fcr kunststoffe, Gummis, synthetische Verbundwerkstoffe und brillen"},"content":{"rendered":"<h3 class=\"gdlr-item-title gdlr-skin-title gdlr-skin-border\" style=\"font-size: 24px;\">Rundmesser<\/h3>\n<p>Zum schneiden von papier, karton, gummidichtungen, stoffen, leder, einschnitte an phiolen u.s.w.<br \/>\nRundmesser werden aufgrund der typenvielfalt nach kundenspezifikation gefertigt (einfacher winkel,doppelwinkel, mit und ohne zahnung)<\/p>\n<p>&nbsp;<\/p>\n<p><img loading=\"lazy\" decoding=\"async\" class=\"alignnone size-full wp-image-7097\" src=\"https:\/\/www.afar-tools.com\/wp-content\/uploads\/2018\/07\/coltelli-circolari.jpg\" alt=\"coltelli circolari\" width=\"2099\" height=\"1014\" srcset=\"https:\/\/www.afar-tools.com\/wp-content\/uploads\/2018\/07\/coltelli-circolari.jpg 2099w, https:\/\/www.afar-tools.com\/wp-content\/uploads\/2018\/07\/coltelli-circolari-300x145.jpg 300w, https:\/\/www.afar-tools.com\/wp-content\/uploads\/2018\/07\/coltelli-circolari-768x371.jpg 768w, https:\/\/www.afar-tools.com\/wp-content\/uploads\/2018\/07\/coltelli-circolari-1024x495.jpg 1024w\" sizes=\"auto, (max-width: 2099px) 100vw, 2099px\" \/><\/p>\n<h3 class=\"gdlr-item-title gdlr-skin-title gdlr-skin-border\" style=\"font-size: 24px;\">Drehringe zur bearbeitung von gummizylindern (reifen)<\/h3>\n<p>Diese produkt wird zur bearbeitung von gummizylindern eingesetzt, wo der schnitt sehr sauber und m\u00f6glichst ohne grat sein soll, um eine erhitzung zu vermeiden.<br \/>\nDie ringform ist der am meisten eingesetzte werkzeugtyp<br \/>\n<img loading=\"lazy\" decoding=\"async\" class=\"alignnone size-full wp-image-7106\" src=\"https:\/\/www.afar-tools.com\/wp-content\/uploads\/2018\/07\/anelli-tornitori-per-gomme.jpg\" alt=\"anelli tornitori per gomme\" width=\"1093\" height=\"560\" srcset=\"https:\/\/www.afar-tools.com\/wp-content\/uploads\/2018\/07\/anelli-tornitori-per-gomme.jpg 1093w, https:\/\/www.afar-tools.com\/wp-content\/uploads\/2018\/07\/anelli-tornitori-per-gomme-300x154.jpg 300w, https:\/\/www.afar-tools.com\/wp-content\/uploads\/2018\/07\/anelli-tornitori-per-gomme-768x393.jpg 768w, https:\/\/www.afar-tools.com\/wp-content\/uploads\/2018\/07\/anelli-tornitori-per-gomme-1024x525.jpg 1024w\" sizes=\"auto, (max-width: 1093px) 100vw, 1093px\" \/><\/p>\n<h3 class=\"gdlr-item-title gdlr-skin-title gdlr-skin-border\" style=\"font-size: 24px;\">Profil- und formfr\u00e4ser<\/h3>\n<p>F\u00fcr bearbeitungen bei denen es notwendig ist, mit einem arbeitsgang nuten zu fr\u00e4sen, bieten unsere profilfr\u00e4ser unendlich viele m\u00f6glichkeiten.<br \/>\nDie basisformen k\u00f6nnen sowohl als einzelnes werkzeug als auch als werkzeuggruppe eingesetzt werden.<br \/>\nIm folgenden sehen sie einige der am meisten eingesetzten ausf\u00fchrungen<br \/>\n<img loading=\"lazy\" decoding=\"async\" class=\"alignnone size-full wp-image-7111\" src=\"https:\/\/www.afar-tools.com\/wp-content\/uploads\/2018\/07\/frese-sagomate-e-a-profilo.jpg\" alt=\"frese sagomate e a profilo\" width=\"2263\" height=\"2100\" srcset=\"https:\/\/www.afar-tools.com\/wp-content\/uploads\/2018\/07\/frese-sagomate-e-a-profilo.jpg 2263w, https:\/\/www.afar-tools.com\/wp-content\/uploads\/2018\/07\/frese-sagomate-e-a-profilo-300x278.jpg 300w, https:\/\/www.afar-tools.com\/wp-content\/uploads\/2018\/07\/frese-sagomate-e-a-profilo-768x713.jpg 768w, https:\/\/www.afar-tools.com\/wp-content\/uploads\/2018\/07\/frese-sagomate-e-a-profilo-1024x950.jpg 1024w\" sizes=\"auto, (max-width: 2263px) 100vw, 2263px\" \/><\/p>\n","protected":false},"excerpt":{"rendered":"<p>Rundmesser Zum schneiden von papier, karton, gummidichtungen, stoffen, leder, einschnitte an phiolen u.s.w. Rundmesser werden aufgrund der typenvielfalt nach kundenspezifikation gefertigt (einfacher winkel,doppelwinkel, mit und ohne zahnung) &nbsp; Drehringe zur bearbeitung von gummizylindern (reifen) Diese produkt wird zur bearbeitung von gummizylindern eingesetzt, wo der schnitt sehr sauber und m\u00f6glichst ohne grat sein soll, um eine&#8230; <\/p>\n<div class=\"clear\"><\/div>\n<p><a href=\"https:\/\/www.afar-tools.com\/de\/einsatzgebiete\/anwendungen-fuer-kunststoffe-gummis-synthetische-verbundwerkstoffe-und-brillen\/\" class=\"excerpt-read-more\">Learn More<i class=\"fa fa-angle-double-right icon-double-angle-right\"><\/i><\/a><\/p>\n","protected":false},"author":1,"featured_media":0,"parent":7161,"menu_order":0,"comment_status":"closed","ping_status":"closed","template":"","meta":{"_exactmetrics_skip_tracking":false,"_exactmetrics_sitenote_active":false,"_exactmetrics_sitenote_note":"","_exactmetrics_sitenote_category":0,"footnotes":""},"class_list":["post-7226","page","type-page","status-publish","hentry"],"_links":{"self":[{"href":"https:\/\/www.afar-tools.com\/de\/wp-json\/wp\/v2\/pages\/7226","targetHints":{"allow":["GET"]}}],"collection":[{"href":"https:\/\/www.afar-tools.com\/de\/wp-json\/wp\/v2\/pages"}],"about":[{"href":"https:\/\/www.afar-tools.com\/de\/wp-json\/wp\/v2\/types\/page"}],"author":[{"embeddable":true,"href":"https:\/\/www.afar-tools.com\/de\/wp-json\/wp\/v2\/users\/1"}],"replies":[{"embeddable":true,"href":"https:\/\/www.afar-tools.com\/de\/wp-json\/wp\/v2\/comments?post=7226"}],"version-history":[{"count":2,"href":"https:\/\/www.afar-tools.com\/de\/wp-json\/wp\/v2\/pages\/7226\/revisions"}],"predecessor-version":[{"id":7229,"href":"https:\/\/www.afar-tools.com\/de\/wp-json\/wp\/v2\/pages\/7226\/revisions\/7229"}],"up":[{"embeddable":true,"href":"https:\/\/www.afar-tools.com\/de\/wp-json\/wp\/v2\/pages\/7161"}],"wp:attachment":[{"href":"https:\/\/www.afar-tools.com\/de\/wp-json\/wp\/v2\/media?parent=7226"}],"curies":[{"name":"wp","href":"https:\/\/api.w.org\/{rel}","templated":true}]}}