{"id":7230,"date":"2018-07-06T13:57:17","date_gmt":"2018-07-06T11:57:17","guid":{"rendered":"https:\/\/www.afar-tools.com\/einsatzgebiete\/applicazioni-chiavi-blocchetti-e-serrature\/"},"modified":"2018-07-09T15:46:55","modified_gmt":"2018-07-09T13:46:55","slug":"anwendungen-fuer-schluessel-bloecke-und-schloesser","status":"publish","type":"page","link":"https:\/\/www.afar-tools.com\/de\/einsatzgebiete\/anwendungen-fuer-schluessel-bloecke-und-schloesser\/","title":{"rendered":"Anwendungen f\u00fcr Schl\u00fcssel, bl\u00f6cke und schl\u00f6sser"},"content":{"rendered":"<p>Sie werden normalerweise nach kundenspezifikationen basierend auf durchmesser, loch, zahnanzahl und Winkel gefertigt.<\/p>\n<p><img loading=\"lazy\" decoding=\"async\" class=\"alignnone size-full wp-image-5112\" src=\"https:\/\/www.afar-tools.com\/wp-content\/uploads\/2015\/12\/chiavi.jpg\" alt=\"\" width=\"840\" height=\"868\" srcset=\"https:\/\/www.afar-tools.com\/wp-content\/uploads\/2015\/12\/chiavi.jpg 840w, https:\/\/www.afar-tools.com\/wp-content\/uploads\/2015\/12\/chiavi-290x300.jpg 290w, https:\/\/www.afar-tools.com\/wp-content\/uploads\/2015\/12\/chiavi-768x794.jpg 768w\" sizes=\"auto, (max-width: 840px) 100vw, 840px\" \/><\/p>\n","protected":false},"excerpt":{"rendered":"<p>Sie werden normalerweise nach kundenspezifikationen basierend auf durchmesser, loch, zahnanzahl und Winkel gefertigt.<\/p>\n","protected":false},"author":1,"featured_media":0,"parent":7161,"menu_order":0,"comment_status":"closed","ping_status":"open","template":"","meta":{"_exactmetrics_skip_tracking":false,"_exactmetrics_sitenote_active":false,"_exactmetrics_sitenote_note":"","_exactmetrics_sitenote_category":0,"footnotes":""},"class_list":["post-7230","page","type-page","status-publish","hentry"],"_links":{"self":[{"href":"https:\/\/www.afar-tools.com\/de\/wp-json\/wp\/v2\/pages\/7230","targetHints":{"allow":["GET"]}}],"collection":[{"href":"https:\/\/www.afar-tools.com\/de\/wp-json\/wp\/v2\/pages"}],"about":[{"href":"https:\/\/www.afar-tools.com\/de\/wp-json\/wp\/v2\/types\/page"}],"author":[{"embeddable":true,"href":"https:\/\/www.afar-tools.com\/de\/wp-json\/wp\/v2\/users\/1"}],"replies":[{"embeddable":true,"href":"https:\/\/www.afar-tools.com\/de\/wp-json\/wp\/v2\/comments?post=7230"}],"version-history":[{"count":2,"href":"https:\/\/www.afar-tools.com\/de\/wp-json\/wp\/v2\/pages\/7230\/revisions"}],"predecessor-version":[{"id":7233,"href":"https:\/\/www.afar-tools.com\/de\/wp-json\/wp\/v2\/pages\/7230\/revisions\/7233"}],"up":[{"embeddable":true,"href":"https:\/\/www.afar-tools.com\/de\/wp-json\/wp\/v2\/pages\/7161"}],"wp:attachment":[{"href":"https:\/\/www.afar-tools.com\/de\/wp-json\/wp\/v2\/media?parent=7230"}],"curies":[{"name":"wp","href":"https:\/\/api.w.org\/{rel}","templated":true}]}}