{"id":7242,"date":"2018-07-06T10:43:28","date_gmt":"2018-07-06T08:43:28","guid":{"rendered":"https:\/\/www.afar-tools.com\/einsatzgebiete\/applicazioni-orologeria-orafo-minuteria-e-ortodonzia\/"},"modified":"2018-07-09T16:01:13","modified_gmt":"2018-07-09T14:01:13","slug":"anwendungen-fuer-uhrmacherhandwerk-goldschmied-kleinteile-kieferorthopaedie","status":"publish","type":"page","link":"https:\/\/www.afar-tools.com\/de\/einsatzgebiete\/anwendungen-fuer-uhrmacherhandwerk-goldschmied-kleinteile-kieferorthopaedie\/","title":{"rendered":"Anwendungen f\u00fcr uhrmacherhandwerk goldschmied kleinteile kieferorthop\u00e4die"},"content":{"rendered":"<p>Wir produzieren Fr\u00e4ser f\u00fcr Anwendungen in der Welt der Uhren, Schmuck, Kleinteile und Kieferorthop\u00e4die.<\/p>\n<p>Sie werden normalerweise nach Kundenspezifikationen basierend auf Durchmesser, Loch, Zahnanzahl und Winkel gefertigt.<\/p>\n<p>&nbsp;<\/p>\n<p><img loading=\"lazy\" decoding=\"async\" class=\"alignnone size-full wp-image-5102\" src=\"https:\/\/www.afar-tools.com\/wp-content\/uploads\/2015\/12\/orafo-orologeria-minuteria.jpg\" alt=\"\" width=\"840\" height=\"944\" srcset=\"https:\/\/www.afar-tools.com\/wp-content\/uploads\/2015\/12\/orafo-orologeria-minuteria.jpg 840w, https:\/\/www.afar-tools.com\/wp-content\/uploads\/2015\/12\/orafo-orologeria-minuteria-267x300.jpg 267w, https:\/\/www.afar-tools.com\/wp-content\/uploads\/2015\/12\/orafo-orologeria-minuteria-768x863.jpg 768w\" sizes=\"auto, (max-width: 840px) 100vw, 840px\" \/><\/p>\n","protected":false},"excerpt":{"rendered":"<p>Wir produzieren Fr\u00e4ser f\u00fcr Anwendungen in der Welt der Uhren, Schmuck, Kleinteile und Kieferorthop\u00e4die. Sie werden normalerweise nach Kundenspezifikationen basierend auf Durchmesser, Loch, Zahnanzahl und Winkel gefertigt. &nbsp;<\/p>\n","protected":false},"author":1,"featured_media":0,"parent":7161,"menu_order":0,"comment_status":"closed","ping_status":"closed","template":"","meta":{"_exactmetrics_skip_tracking":false,"_exactmetrics_sitenote_active":false,"_exactmetrics_sitenote_note":"","_exactmetrics_sitenote_category":0,"footnotes":""},"class_list":["post-7242","page","type-page","status-publish","hentry"],"_links":{"self":[{"href":"https:\/\/www.afar-tools.com\/de\/wp-json\/wp\/v2\/pages\/7242","targetHints":{"allow":["GET"]}}],"collection":[{"href":"https:\/\/www.afar-tools.com\/de\/wp-json\/wp\/v2\/pages"}],"about":[{"href":"https:\/\/www.afar-tools.com\/de\/wp-json\/wp\/v2\/types\/page"}],"author":[{"embeddable":true,"href":"https:\/\/www.afar-tools.com\/de\/wp-json\/wp\/v2\/users\/1"}],"replies":[{"embeddable":true,"href":"https:\/\/www.afar-tools.com\/de\/wp-json\/wp\/v2\/comments?post=7242"}],"version-history":[{"count":2,"href":"https:\/\/www.afar-tools.com\/de\/wp-json\/wp\/v2\/pages\/7242\/revisions"}],"predecessor-version":[{"id":7245,"href":"https:\/\/www.afar-tools.com\/de\/wp-json\/wp\/v2\/pages\/7242\/revisions\/7245"}],"up":[{"embeddable":true,"href":"https:\/\/www.afar-tools.com\/de\/wp-json\/wp\/v2\/pages\/7161"}],"wp:attachment":[{"href":"https:\/\/www.afar-tools.com\/de\/wp-json\/wp\/v2\/media?parent=7242"}],"curies":[{"name":"wp","href":"https:\/\/api.w.org\/{rel}","templated":true}]}}