{"id":7246,"date":"2018-07-02T16:38:33","date_gmt":"2018-07-02T14:38:33","guid":{"rendered":"https:\/\/www.afar-tools.com\/einsatzgebiete\/applicazioni-meccanotessile\/"},"modified":"2018-07-09T16:04:47","modified_gmt":"2018-07-09T14:04:47","slug":"anwendungen-fuer-textilmaschinen","status":"publish","type":"page","link":"https:\/\/www.afar-tools.com\/de\/einsatzgebiete\/anwendungen-fuer-textilmaschinen\/","title":{"rendered":"Anwendungen f\u00fcr Textilmaschinen"},"content":{"rendered":"<p>Textilien geh\u00f6ren zu den traditionsreichsten Industriezweigen. Die f\u00fcr mechanische Textilanwendungen verwendeten Bohrer werden an manuellen und \/ oder automatischen Maschinen verwendet. Sie werden normalerweise nach Kundenspezifikationen basierend auf Durchmesser, Loch, Zahnanzahl und Winkel gefertigt.<\/p>\n<p>&nbsp;<\/p>\n<p><img loading=\"lazy\" decoding=\"async\" class=\"alignnone size-full wp-image-5098\" src=\"https:\/\/www.afar-tools.com\/wp-content\/uploads\/2015\/12\/meccano-tessile-1.jpg\" alt=\"\" width=\"840\" height=\"1062\" srcset=\"https:\/\/www.afar-tools.com\/wp-content\/uploads\/2015\/12\/meccano-tessile-1.jpg 840w, https:\/\/www.afar-tools.com\/wp-content\/uploads\/2015\/12\/meccano-tessile-1-237x300.jpg 237w, https:\/\/www.afar-tools.com\/wp-content\/uploads\/2015\/12\/meccano-tessile-1-768x971.jpg 768w, https:\/\/www.afar-tools.com\/wp-content\/uploads\/2015\/12\/meccano-tessile-1-810x1024.jpg 810w\" sizes=\"auto, (max-width: 840px) 100vw, 840px\" \/><\/p>\n","protected":false},"excerpt":{"rendered":"<p>Textilien geh\u00f6ren zu den traditionsreichsten Industriezweigen. Die f\u00fcr mechanische Textilanwendungen verwendeten Bohrer werden an manuellen und \/ oder automatischen Maschinen verwendet. Sie werden normalerweise nach Kundenspezifikationen basierend auf Durchmesser, Loch, Zahnanzahl und Winkel gefertigt. &nbsp;<\/p>\n","protected":false},"author":1,"featured_media":0,"parent":7161,"menu_order":0,"comment_status":"closed","ping_status":"open","template":"","meta":{"_exactmetrics_skip_tracking":false,"_exactmetrics_sitenote_active":false,"_exactmetrics_sitenote_note":"","_exactmetrics_sitenote_category":0,"footnotes":""},"class_list":["post-7246","page","type-page","status-publish","hentry"],"_links":{"self":[{"href":"https:\/\/www.afar-tools.com\/de\/wp-json\/wp\/v2\/pages\/7246","targetHints":{"allow":["GET"]}}],"collection":[{"href":"https:\/\/www.afar-tools.com\/de\/wp-json\/wp\/v2\/pages"}],"about":[{"href":"https:\/\/www.afar-tools.com\/de\/wp-json\/wp\/v2\/types\/page"}],"author":[{"embeddable":true,"href":"https:\/\/www.afar-tools.com\/de\/wp-json\/wp\/v2\/users\/1"}],"replies":[{"embeddable":true,"href":"https:\/\/www.afar-tools.com\/de\/wp-json\/wp\/v2\/comments?post=7246"}],"version-history":[{"count":2,"href":"https:\/\/www.afar-tools.com\/de\/wp-json\/wp\/v2\/pages\/7246\/revisions"}],"predecessor-version":[{"id":7249,"href":"https:\/\/www.afar-tools.com\/de\/wp-json\/wp\/v2\/pages\/7246\/revisions\/7249"}],"up":[{"embeddable":true,"href":"https:\/\/www.afar-tools.com\/de\/wp-json\/wp\/v2\/pages\/7161"}],"wp:attachment":[{"href":"https:\/\/www.afar-tools.com\/de\/wp-json\/wp\/v2\/media?parent=7246"}],"curies":[{"name":"wp","href":"https:\/\/api.w.org\/{rel}","templated":true}]}}