{"id":7469,"date":"2024-06-27T09:48:36","date_gmt":"2024-06-27T07:48:36","guid":{"rendered":"https:\/\/www.afar-tools.com\/?page_id=7469"},"modified":"2024-06-27T09:48:36","modified_gmt":"2024-06-27T07:48:36","slug":"cookie-richtlinie","status":"publish","type":"page","link":"https:\/\/www.afar-tools.com\/de\/cookie-richtlinie\/","title":{"rendered":"Cookie-Richtlinie"},"content":{"rendered":"<h3>Diese Website verwendet Cookies<\/h3>\n<p>Wir verwenden Cookies, um Inhalte und Anzeigen zu personalisieren, Social-Media-Funktionen bereitzustellen und den Webverkehr zu analysieren. Au\u00dferdem geben wir einige Informationen dar\u00fcber weiter, wie Sie unsere Website nutzen, und geben diese an unsere Partner weiter, die sich mit Web-, Werbe- und Social-Analytics-Medien befassen, und die diese m\u00f6glicherweise mit anderen Informationen kombinieren die Sie ihnen bereitgestellt haben oder die sie im Rahmen Ihrer Nutzung ihrer Dienste gesammelt haben.<\/p>\n<h3>Was sind Cookies?<\/h3>\n<p>Cookies sind kleine Textdateien, die von Websites verwendet werden k\u00f6nnen, um das Benutzererlebnis effizienter zu gestalten.Cookies k\u00f6nnen ohne Ihre Zustimmung nur dann auf Ihrem Ger\u00e4t gespeichert werden, wenn es sich um technische Cookies handelt, die f\u00fcr das Funktionieren der Website unbedingt erforderlich sind. Alle anderen Arten von Cookies k\u00f6nnen nur mit Ihrer Zustimmung gespeichert werden.<\/p>\n<h3>Welche Arten von Cookies verwendet die Website?<\/h3>\n<p><strong>Notwendig<\/strong>: Notwendige Cookies sind f\u00fcr die ordnungsgem\u00e4\u00dfe Funktion der Website unbedingt erforderlich. Diese Cookies stellen anonym die grundlegende Funktionalit\u00e4t und Sicherheitsfunktionen der Website sicher.<\/p>\n<p><strong>Werbung<\/strong>: Werbe-Cookies werden verwendet, um Besuchern relevante Werbung und Marketingkampagnen anzubieten. Diese Cookies verfolgen Besucher auf Websites und sammeln Informationen, um personalisierte Werbung bereitzustellen.<\/p>\n","protected":false},"excerpt":{"rendered":"<p>Diese Website verwendet Cookies Wir verwenden Cookies, um Inhalte und Anzeigen zu personalisieren, Social-Media-Funktionen bereitzustellen und den Webverkehr zu analysieren. Au\u00dferdem geben wir einige Informationen dar\u00fcber weiter, wie Sie unsere Website nutzen, und geben diese an unsere Partner weiter, die sich mit Web-, Werbe- und Social-Analytics-Medien befassen, und die diese m\u00f6glicherweise mit anderen Informationen kombinieren&#8230; <\/p>\n<div class=\"clear\"><\/div>\n<p><a href=\"https:\/\/www.afar-tools.com\/de\/cookie-richtlinie\/\" class=\"excerpt-read-more\">Learn More<i class=\"fa fa-angle-double-right icon-double-angle-right\"><\/i><\/a><\/p>\n","protected":false},"author":1,"featured_media":0,"parent":0,"menu_order":0,"comment_status":"closed","ping_status":"closed","template":"","meta":{"_exactmetrics_skip_tracking":false,"_exactmetrics_sitenote_active":false,"_exactmetrics_sitenote_note":"","_exactmetrics_sitenote_category":0,"footnotes":""},"class_list":["post-7469","page","type-page","status-publish","hentry"],"_links":{"self":[{"href":"https:\/\/www.afar-tools.com\/de\/wp-json\/wp\/v2\/pages\/7469","targetHints":{"allow":["GET"]}}],"collection":[{"href":"https:\/\/www.afar-tools.com\/de\/wp-json\/wp\/v2\/pages"}],"about":[{"href":"https:\/\/www.afar-tools.com\/de\/wp-json\/wp\/v2\/types\/page"}],"author":[{"embeddable":true,"href":"https:\/\/www.afar-tools.com\/de\/wp-json\/wp\/v2\/users\/1"}],"replies":[{"embeddable":true,"href":"https:\/\/www.afar-tools.com\/de\/wp-json\/wp\/v2\/comments?post=7469"}],"version-history":[{"count":1,"href":"https:\/\/www.afar-tools.com\/de\/wp-json\/wp\/v2\/pages\/7469\/revisions"}],"predecessor-version":[{"id":7470,"href":"https:\/\/www.afar-tools.com\/de\/wp-json\/wp\/v2\/pages\/7469\/revisions\/7470"}],"wp:attachment":[{"href":"https:\/\/www.afar-tools.com\/de\/wp-json\/wp\/v2\/media?parent=7469"}],"curies":[{"name":"wp","href":"https:\/\/api.w.org\/{rel}","templated":true}]}}