{"id":4522,"date":"2015-02-26T10:10:03","date_gmt":"2015-02-26T10:10:03","guid":{"rendered":"https:\/\/www.afar-tools.com\/es\/homepage\/"},"modified":"2021-01-11T18:16:14","modified_gmt":"2021-01-11T17:16:14","slug":"af-ar-la-produccion-y-molienda-de-taladros-y-sierras-circulares","status":"publish","type":"page","link":"https:\/\/www.afar-tools.com\/es\/","title":{"rendered":"AF.AR"},"content":{"rendered":"<h1><span id=\"result_box\" class=\"\" lang=\"es\"><span class=\"hps\">AF.AR<\/span> <span class=\"hps\">&#8211;<\/span> <span class=\"hps\">La producci\u00f3n y<\/span> <span class=\"hps\">molienda de<\/span> <span class=\"hps\">taladros y sierras<\/span> <span class=\"hps\">circulares<\/span><\/span><\/h1>\n<h2>AF.AR &#8211; La producci\u00f3n y molienda de taladros y sierras circulares<\/h2>\n<p>AF.AR &#8211; La producci\u00f3n y molienda de taladros y sierras circulares<\/p>\n<p><img loading=\"lazy\" decoding=\"async\" class=\"alignleft wp-image-4846 size-full\" title=\"AF.AR - La producci\u00f3n y molienda de taladros y sierras circulares\" src=\"https:\/\/www.afar-tools.com\/wp-content\/uploads\/2015\/12\/icon_afar_3.png\" alt=\"AF.AR - La producci\u00f3n y molienda de taladros y sierras circulares\" width=\"140\" height=\"140\" \/>AF.AR es una empresa din\u00e1mica reconocida a nivel internacional y, en especial, en el sector de la producci\u00f3n de colectores el\u00e9ctricos, en el sector mecano-textil de producci\u00f3n de fronteras y cilindros, y en los sectores de mec\u00e1nica y automoci\u00f3n, en los que se ha consolidado como l\u00edder en la fabricaci\u00f3n de sierras y fresas circulares de metal duro integral de cualquier tipo.<br \/>\nGama de producci\u00f3n de 8,00 mm a 300,00 mm de di\u00e1metro.<br \/>\nEspesores de 0,05 mm a 60,00 mm (en correlaci\u00f3n con el di\u00e1metro exterior).<\/p>\n<p>Asistencia preventa y an\u00e1lisis de viabilidad<br \/>\nNuestro servicio de preventa ayuda a los clientes que lo solicitan a concretar objetivos y materiales antes de realizar sus pedidos.<br \/>\nJuntos elaboramos un an\u00e1lisis objetivo de viabilidad que nos lleva a una soluci\u00f3n adecuada y razonable en t\u00e9rminos de materiales y costes.<\/p>\n<p>Personalizaci\u00f3n de productos<br \/>\nPodemos imprimir sobre el producto el logo que nos facilite el cliente en formato vectorial y, con un coste adicional, tambi\u00e9n podemos personalizar etiquetas y embalajes.<\/p>\n<h2><span id=\"result_box\" class=\"\" lang=\"es\"><span class=\"hps\">AF.AR<\/span> <span class=\"hps\">&#8211;<\/span> <span class=\"hps\">La producci\u00f3n y<\/span> <span class=\"hps\">molienda de<\/span> <span class=\"hps\">taladros y sierras<\/span> <span class=\"hps\">circulares<\/span><\/span><\/h2>\n<p>Asistencia posventa<br \/>\nSabemos que la puesta a punto de los par\u00e1metros de producci\u00f3n es fundamental para la optimizaci\u00f3n de resultados, por lo que ofrecemos a nuestros clientes una asistencia posventa que les guiar\u00e1 en el uso correcto de los productos adquiridos.<\/p>\n<p>Servicio de afilado<br \/>\nPonemos a disposici\u00f3n de nuestros clientes nuestro servicio directo y completo de afilado, tanto para productos nuestros como de otros proveedores.<\/p>\n<p>Nuestro organigrama<\/p>\n<p>La plantilla de AF.AR se compone de personal altamente cualificado y especializado. Nuestro equipo se estructura en un organigrama simple y lineal que garantiza la m\u00e1xima satisfacci\u00f3n del cliente y de un mercado que est\u00e1 en constante evoluci\u00f3n. Con la experiencia y el compromiso diario que hemos madurado a lo largo de los a\u00f1os, hemos construido un sistema de gesti\u00f3n complejo y completo que optimiza los procesos productivos, log\u00edsticos y de gesti\u00f3n en todos los niveles.<br \/>\nAF.AR se estructura en cuatro departamentos:<br \/>\nEl departamento comercial administrativo, que se ocupa de la gesti\u00f3n administrativa y comercial de clientes y proveedores, tanto a nivel nacional como internacional. Trabaja en estrecho contacto con el departamento de pedidos y de planificaci\u00f3n de la producci\u00f3n, que se ocupa de confirmar los pedidos y de activar el ciclo de producci\u00f3n.<br \/>\nEl departamento t\u00e9cnico de producci\u00f3n cuenta con un parque de m\u00e1s de 40 m\u00e1quinas y trabaja en perfecta cohesi\u00f3n con el almac\u00e9n, que se ocupa de los env\u00edos y de la puesta a punto de la mercanc\u00eda.<\/p>\n<p>El valor a\u00f1adido de la investigaci\u00f3n<\/p>\n<p>En AF.AR nos esforzamos constantemente en mejorar la calidad de nuestros productos y lo hacemos trabajando en estrech\u00edsima colaboraci\u00f3n con nuestro principal proveedor de materia prima, que es un socio activo desde hace m\u00e1s de veinte a\u00f1os, y con algunos clientes atentos que nos ofrecen su disponibilidad.<br \/>\nY precisamente gracias a la disponibilidad de esos clientes, tenemos la posibilidad de probar producciones espec\u00edficas: materiales nuevos, nuevas formas de herramientas, nuevos revestimientos&#8230;<br \/>\nPorque para nosotros es importante encontrar soluciones innovadoras y personalizadas: estudiamos con cada cliente sus necesidades reales para ofrecerle el producto de mayor rendimiento, con una relaci\u00f3n calidad-precio adecuada.<br \/>\nEsta atenci\u00f3n nos permite estar siempre al d\u00eda con el mercado y alcanzar objetivos cada vez m\u00e1s ambiciosos junto a nuestros clientes, lo que aporta a ambas partes una gran ventaja competitiva.<\/p>\n","protected":false},"excerpt":{"rendered":"<p>AF.AR &#8211; La producci\u00f3n y molienda de taladros y sierras circulares AF.AR &#8211; La producci\u00f3n y molienda de taladros y sierras circulares AF.AR &#8211; La producci\u00f3n y molienda de taladros y sierras circulares AF.AR es una empresa din\u00e1mica reconocida a nivel internacional y, en especial, en el sector de la producci\u00f3n de colectores el\u00e9ctricos, en&#8230; <\/p>\n<div class=\"clear\"><\/div>\n<p><a href=\"https:\/\/www.afar-tools.com\/es\/\" class=\"excerpt-read-more\">Learn More<i class=\"fa fa-angle-double-right icon-double-angle-right\"><\/i><\/a><\/p>\n","protected":false},"author":1,"featured_media":0,"parent":0,"menu_order":0,"comment_status":"closed","ping_status":"open","template":"","meta":{"_exactmetrics_skip_tracking":false,"_exactmetrics_sitenote_active":false,"_exactmetrics_sitenote_note":"","_exactmetrics_sitenote_category":0,"footnotes":""},"class_list":["post-4522","page","type-page","status-publish","hentry"],"_links":{"self":[{"href":"https:\/\/www.afar-tools.com\/es\/wp-json\/wp\/v2\/pages\/4522","targetHints":{"allow":["GET"]}}],"collection":[{"href":"https:\/\/www.afar-tools.com\/es\/wp-json\/wp\/v2\/pages"}],"about":[{"href":"https:\/\/www.afar-tools.com\/es\/wp-json\/wp\/v2\/types\/page"}],"author":[{"embeddable":true,"href":"https:\/\/www.afar-tools.com\/es\/wp-json\/wp\/v2\/users\/1"}],"replies":[{"embeddable":true,"href":"https:\/\/www.afar-tools.com\/es\/wp-json\/wp\/v2\/comments?post=4522"}],"version-history":[{"count":4,"href":"https:\/\/www.afar-tools.com\/es\/wp-json\/wp\/v2\/pages\/4522\/revisions"}],"predecessor-version":[{"id":7388,"href":"https:\/\/www.afar-tools.com\/es\/wp-json\/wp\/v2\/pages\/4522\/revisions\/7388"}],"wp:attachment":[{"href":"https:\/\/www.afar-tools.com\/es\/wp-json\/wp\/v2\/media?parent=4522"}],"curies":[{"name":"wp","href":"https:\/\/api.w.org\/{rel}","templated":true}]}}