{"id":4578,"date":"2015-08-06T16:23:47","date_gmt":"2015-08-06T14:23:47","guid":{"rendered":"https:\/\/www.afar-tools.com\/es\/chi-siamo\/"},"modified":"2021-12-07T10:02:50","modified_gmt":"2021-12-07T09:02:50","slug":"quienes-somos","status":"publish","type":"page","link":"https:\/\/www.afar-tools.com\/es\/quienes-somos\/","title":{"rendered":"Qui\u00e9nes somos"},"content":{"rendered":"<h1>Qui\u00e9nes somos<\/h1>\n<p>AF.AR, un trabajo en equipo<\/p>\n<p>La plantilla de AF.AR se compone de personal altamente cualificado y especializado. Nuestro equipo se estructura en un organigrama simple y lineal que garantiza la m\u00e1xima satisfacci\u00f3n del cliente y de un mercado que est\u00e1 en constante evoluci\u00f3n.<\/p>\n<p>Con la experiencia y el compromiso diario que hemos madurado a lo largo de los a\u00f1os, hemos construido un sistema de gesti\u00f3n complejo y completo de los procesos productivos, log\u00edsticos y de gesti\u00f3n en todos los niveles.<\/p>\n<p>POR QU\u00c9 ELEGIRNOS<br \/>\nPorque en nuestros m\u00e1s de treinta y cinco a\u00f1os de experiencia en el sector de la producci\u00f3n de sierras y fresas circulares, en AF.AR hemos afrontado todo tipo de producci\u00f3n, desde las m\u00e1s sencillas hasta las m\u00e1s complejas.<br \/>\nPorque trabajamos en estrecha sinergia con el cliente: estudiamos sus necesidades reales y le ofrecemos el mejor resultado al menor coste posible.<\/p>\n<p>NUESTRA FILOSOF\u00cdA<\/p>\n<p>Consideramos fundamental el trabajo en equipo; en sinergia con nuestros colaboradores, buscamos el perfeccionamiento constante de nuestros procesos y nuestros productos.<br \/>\nTambi\u00e9n colaboramos estrechamente con nuestros clientes y proveedores y entre todos mejoramos la calidad de nuestros productos y logramos nuevos \u00e9xitos.<\/p>\n<p>PARA QUI\u00c9N PRODUCIMOS<\/p>\n<p>Vendemos y prestamos asistencia, tanto en Italia como fuera de nuestras fronteras, a mayoristas y minoristas de herramientas especializados en diversos sectores de producci\u00f3n.<br \/>\nEntre los m\u00e1s interesantes podemos destacar los sectores de los colectores el\u00e9ctricos, el mecano-textil, mec\u00e1nico, electromec\u00e1nico, llaves, pl\u00e1sticos y compuestos, circuitos impresos.<\/p>\n<p>APLICACIONES<\/p>\n<p>Nuestros productos est\u00e1n destinados al corte de precisi\u00f3n y al perfilado con arranque de viruta.<\/p>\n","protected":false},"excerpt":{"rendered":"<p>Qui\u00e9nes somos AF.AR, un trabajo en equipo La plantilla de AF.AR se compone de personal altamente cualificado y especializado. Nuestro equipo se estructura en un organigrama simple y lineal que garantiza la m\u00e1xima satisfacci\u00f3n del cliente y de un mercado que est\u00e1 en constante evoluci\u00f3n. Con la experiencia y el compromiso diario que hemos madurado&#8230; <\/p>\n<div class=\"clear\"><\/div>\n<p><a href=\"https:\/\/www.afar-tools.com\/es\/quienes-somos\/\" class=\"excerpt-read-more\">Learn More<i class=\"fa fa-angle-double-right icon-double-angle-right\"><\/i><\/a><\/p>\n","protected":false},"author":1,"featured_media":0,"parent":0,"menu_order":0,"comment_status":"closed","ping_status":"open","template":"","meta":{"_exactmetrics_skip_tracking":false,"_exactmetrics_sitenote_active":false,"_exactmetrics_sitenote_note":"","_exactmetrics_sitenote_category":0,"footnotes":""},"class_list":["post-4578","page","type-page","status-publish","hentry"],"_links":{"self":[{"href":"https:\/\/www.afar-tools.com\/es\/wp-json\/wp\/v2\/pages\/4578","targetHints":{"allow":["GET"]}}],"collection":[{"href":"https:\/\/www.afar-tools.com\/es\/wp-json\/wp\/v2\/pages"}],"about":[{"href":"https:\/\/www.afar-tools.com\/es\/wp-json\/wp\/v2\/types\/page"}],"author":[{"embeddable":true,"href":"https:\/\/www.afar-tools.com\/es\/wp-json\/wp\/v2\/users\/1"}],"replies":[{"embeddable":true,"href":"https:\/\/www.afar-tools.com\/es\/wp-json\/wp\/v2\/comments?post=4578"}],"version-history":[{"count":7,"href":"https:\/\/www.afar-tools.com\/es\/wp-json\/wp\/v2\/pages\/4578\/revisions"}],"predecessor-version":[{"id":7396,"href":"https:\/\/www.afar-tools.com\/es\/wp-json\/wp\/v2\/pages\/4578\/revisions\/7396"}],"wp:attachment":[{"href":"https:\/\/www.afar-tools.com\/es\/wp-json\/wp\/v2\/media?parent=4578"}],"curies":[{"name":"wp","href":"https:\/\/api.w.org\/{rel}","templated":true}]}}