{"id":4609,"date":"2016-08-08T12:59:15","date_gmt":"2016-08-08T10:59:15","guid":{"rendered":"https:\/\/www.afar-tools.com\/es\/come-lavoriamo\/"},"modified":"2016-08-09T16:18:43","modified_gmt":"2016-08-09T14:18:43","slug":"por-que-elegirnos","status":"publish","type":"page","link":"https:\/\/www.afar-tools.com\/es\/por-que-elegirnos\/","title":{"rendered":"Por qu\u00e9 elegirnos"},"content":{"rendered":"<div class=\"twelve columns\">\n<div class=\"gdlr-item gdlr-content-item\">\n<h1>Por qu\u00e9 elegirnos<\/h1>\n<p>Nuestros servicios<\/p>\n<p><strong>Por qu\u00e9 elegirnos &#8211; F.AR<\/strong> es una empresa din\u00e1mica reconocida a nivel internacional y, en especial, en el sector de la producci\u00f3n de <strong>colectores el\u00e9ctricos<\/strong>, en el sector mecano-textil de producci\u00f3n de fronteras y cilindros, y en los sectores de mec\u00e1nica y automoci\u00f3n, en los que se ha consolidado como l\u00edder en la fabricaci\u00f3n de sierras y fresas circulares de metal duro integral de cualquier tipo.<br \/>\nGama de producci\u00f3n de <strong>8,00 mm<\/strong> a <strong>300,00<\/strong> mm de di\u00e1metro.<br \/>\nEspesores de<strong> 0,05 mm<\/strong> a <strong>60,00 mm<\/strong> (en correlaci\u00f3n con el di\u00e1metro exterior).<\/p>\n<div class=\"gdlr-item gdlr-process-tab\">\n<div class=\"gdlr-process-tab-content\">\n<h3 class=\"gdlr-process-title\">Nuestro organigrama<\/h3>\n<div class=\"gdlr-process-caption\"><img loading=\"lazy\" decoding=\"async\" class=\"alignleft wp-image-5980 size-medium\" title=\"Por qu\u00e9 elegirnos\" src=\"https:\/\/www.afar-tools.com\/wp-content\/uploads\/2016\/02\/016_en-300x293.jpg\" alt=\"Por qu\u00e9 elegirnos\" width=\"300\" height=\"293\" srcset=\"https:\/\/www.afar-tools.com\/wp-content\/uploads\/2016\/02\/016_en-300x293.jpg 300w, https:\/\/www.afar-tools.com\/wp-content\/uploads\/2016\/02\/016_en-768x750.jpg 768w, https:\/\/www.afar-tools.com\/wp-content\/uploads\/2016\/02\/016_en.jpg 1024w\" sizes=\"auto, (max-width: 300px) 100vw, 300px\" \/>La plantilla de <strong>AF.AR<\/strong> se compone de personal altamente cualificado y especializado. Nuestro equipo se estructura en un organigrama simple y lineal que garantiza la m\u00e1xima satisfacci\u00f3n del cliente y de un mercado que est\u00e1 en constante evoluci\u00f3n. Con la experiencia y el compromiso diario que hemos madurado a lo largo de los a\u00f1os, hemos construido un sistema de gesti\u00f3n complejo y completo que optimiza los procesos productivos, log\u00edsticos y de gesti\u00f3n en todos los niveles.<br \/>\n<strong>AF.AR<\/strong> se estructura en cuatro departamentos:<br \/>\nEl departamento comercial administrativo, que se ocupa de la gesti\u00f3n administrativa y comercial de clientes y proveedores, tanto a nivel nacional como internacional. Trabaja en estrecho contacto con el departamento de pedidos y de planificaci\u00f3n de la producci\u00f3n, que se ocupa de confirmar los pedidos y de activar el ciclo de producci\u00f3n.<br \/>\nEl departamento t\u00e9cnico de producci\u00f3n cuenta con un parque de m\u00e1s de 40 m\u00e1quinas y trabaja en perfecta cohesi\u00f3n con el almac\u00e9n, que se ocupa de los env\u00edos y de la puesta a punto de la mercanc\u00eda.<\/div>\n<\/div>\n<div class=\"process-line\"><\/div>\n<\/div>\n<div class=\"gdlr-item gdlr-process-tab\">\n<h2 class=\"gdlr-process-icon\">\u00a0Por qu\u00e9 elegirnos<\/h2>\n<div class=\"gdlr-process-tab-content\">\n<h3 class=\"gdlr-process-title\">El valor a\u00f1adido de la investigaci\u00f3n<\/h3>\n<div class=\"gdlr-process-caption\">En <strong>AF.AR<\/strong> nos esforzamos constantemente en mejorar la calidad de nuestros productos y lo hacemos trabajando en estrech\u00edsima colaboraci\u00f3n con nuestro principal proveedor de materia prima, que es un socio activo desde hace m\u00e1s de veinte a\u00f1os, y con algunos clientes atentos que nos ofrecen su disponibilidad.<br \/>\nY precisamente gracias a la disponibilidad de esos clientes, tenemos la posibilidad de probar producciones espec\u00edficas: materiales nuevos, nuevas formas de herramientas, nuevos revestimientos\u2026<br \/>\nPorque para nosotros es importante encontrar soluciones innovadoras y personalizadas: estudiamos con cada cliente sus necesidades reales para ofrecerle el producto de mayor rendimiento, con una relaci\u00f3n calidad-precio adecuada.<br \/>\nEsta atenci\u00f3n nos permite estar siempre al d\u00eda con el mercado y alcanzar objetivos cada vez m\u00e1s ambiciosos junto a nuestros clientes, lo que aporta a ambas partes una gran ventaja competitiva.<\/div>\n<\/div>\n<\/div>\n<\/div>\n<\/div>\n","protected":false},"excerpt":{"rendered":"<p>Por qu\u00e9 elegirnos Nuestros servicios Por qu\u00e9 elegirnos &#8211; F.AR es una empresa din\u00e1mica reconocida a nivel internacional y, en especial, en el sector de la producci\u00f3n de colectores el\u00e9ctricos, en el sector mecano-textil de producci\u00f3n de fronteras y cilindros, y en los sectores de mec\u00e1nica y automoci\u00f3n, en los que se ha consolidado como&#8230; <\/p>\n<div class=\"clear\"><\/div>\n<p><a href=\"https:\/\/www.afar-tools.com\/es\/por-que-elegirnos\/\" class=\"excerpt-read-more\">Learn More<i class=\"fa fa-angle-double-right icon-double-angle-right\"><\/i><\/a><\/p>\n","protected":false},"author":1,"featured_media":0,"parent":0,"menu_order":0,"comment_status":"closed","ping_status":"open","template":"","meta":{"_exactmetrics_skip_tracking":false,"_exactmetrics_sitenote_active":false,"_exactmetrics_sitenote_note":"","_exactmetrics_sitenote_category":0,"footnotes":""},"class_list":["post-4609","page","type-page","status-publish","hentry"],"_links":{"self":[{"href":"https:\/\/www.afar-tools.com\/es\/wp-json\/wp\/v2\/pages\/4609","targetHints":{"allow":["GET"]}}],"collection":[{"href":"https:\/\/www.afar-tools.com\/es\/wp-json\/wp\/v2\/pages"}],"about":[{"href":"https:\/\/www.afar-tools.com\/es\/wp-json\/wp\/v2\/types\/page"}],"author":[{"embeddable":true,"href":"https:\/\/www.afar-tools.com\/es\/wp-json\/wp\/v2\/users\/1"}],"replies":[{"embeddable":true,"href":"https:\/\/www.afar-tools.com\/es\/wp-json\/wp\/v2\/comments?post=4609"}],"version-history":[{"count":2,"href":"https:\/\/www.afar-tools.com\/es\/wp-json\/wp\/v2\/pages\/4609\/revisions"}],"predecessor-version":[{"id":6750,"href":"https:\/\/www.afar-tools.com\/es\/wp-json\/wp\/v2\/pages\/4609\/revisions\/6750"}],"wp:attachment":[{"href":"https:\/\/www.afar-tools.com\/es\/wp-json\/wp\/v2\/media?parent=4609"}],"curies":[{"name":"wp","href":"https:\/\/api.w.org\/{rel}","templated":true}]}}