{"id":4621,"date":"2015-02-26T08:11:57","date_gmt":"2015-02-26T07:11:57","guid":{"rendered":"https:\/\/www.afar-tools.com\/es\/prodotti\/"},"modified":"2018-07-09T16:29:07","modified_gmt":"2018-07-09T14:29:07","slug":"aplicaciones-y-productos","status":"publish","type":"page","link":"https:\/\/www.afar-tools.com\/es\/aplicaciones-y-productos\/","title":{"rendered":"Aplicaciones"},"content":{"rendered":"<h1>Aplicaciones AF.AR sierras circulares de carburo<\/h1>\n<p>Aplicaciones<br \/>\n<span id=\"result_box\" class=\"\" lang=\"es\" tabindex=\"-1\"><span class=\"hps\">Algunas<\/span> <span class=\"hps\">\u00e1reas de aplicaci\u00f3n donde<\/span> <span class=\"hps\">se pueden utilizar<\/span> <span class=\"hps\">nuestros productos<\/span> <span class=\"hps\">son los textiles<\/span> <span class=\"hps\">Meccano<\/span>, <span class=\"hps\">el orfebre<\/span>, <span class=\"hps\">las<\/span> <span class=\"hps\">piezas peque\u00f1as<\/span>, ortodoncia, <span class=\"hps\">colectores<\/span> <span class=\"hps\">el\u00e9ctricos<\/span>, <span class=\"hps\">mec\u00e1nica general<\/span>, llaves, <span class=\"hps\">bloques<\/span>, <span class=\"hps\">mec\u00e1nica<\/span>, mec\u00e1nica de <span class=\"hps\">textiles<\/span>, coleccionistas y <span class=\"hps\">motores el\u00e9ctricos<\/span><span class=\"\">, gafas<\/span> <span class=\"hps\">de goma<\/span><span class=\"\">, circuitos<\/span> <span class=\"hps\">impreso.<\/span><\/span><\/p>\n<h1>productos galer\u00eda de algunos productos especiales<\/h1>\n<p><span id=\"result_box\" class=\"short_text\" lang=\"es\" tabindex=\"-1\"><span class=\"hps\">Galer\u00eda<\/span> <span class=\"hps\">de productos<\/p>\n<p><span id=\"result_box\" class=\"\" lang=\"es\" tabindex=\"-1\">fresado de perfiles con el corte de movimiento alternativo<br \/>\nRebajes cortador<br \/>\ntaladro especial para la profundidad de fresado<br \/>\nCortador de 3 cortes alterna<br \/>\nTaladro de fuertes reducciones de cobre, aluminio y materiales blandos<br \/>\nllaves de corte del perfil<br \/>\nBur semillas convexas c\u00f3nicos<br \/>\ncortador circular paso t\u00f3rico extra fino<br \/>\ncortador trapezoidal<br \/>\npara la cuchilla de corte de la tela<br \/>\nSega DIN <span class=\"hps atn\">1838 (<\/span>lanzamiento de ancho)<br \/>\nSega DIN 1837 <span class=\"hps atn\">(<\/span>paso fino)<br \/>\ncortador convexa<br \/>\nCortador de ranura colectores el\u00e9ctricos<br \/>\ncuchilla circular de papel<\/span><br \/>\n<\/span><\/span><\/p>\n<p><img loading=\"lazy\" decoding=\"async\" class=\"alignleft wp-image-4504 size-medium\" title=\"Aplicaciones\" src=\"https:\/\/www.afar-tools.com\/wp-content\/uploads\/2015\/02\/metallo-300x200.jpg\" alt=\"Aplicaciones\" width=\"300\" height=\"200\" srcset=\"https:\/\/www.afar-tools.com\/wp-content\/uploads\/2015\/02\/metallo-300x200.jpg 300w, https:\/\/www.afar-tools.com\/wp-content\/uploads\/2015\/02\/metallo-1024x681.jpg 1024w, https:\/\/www.afar-tools.com\/wp-content\/uploads\/2015\/02\/metallo.jpg 1920w\" sizes=\"auto, (max-width: 300px) 100vw, 300px\" \/><\/p>\n<div class=\"twelve columns\">\n<div class=\"gdlr-item gdlr-content-item\">\n<h3>Nuestros servicios<\/h3>\n<p><strong>AF.AR<\/strong> es una empresa din\u00e1mica reconocida a nivel internacional y, en especial, en el sector de la producci\u00f3n de <strong>colectores el\u00e9ctricos<\/strong>, en el sector mecano-textil de producci\u00f3n de fronteras y cilindros, y en los sectores de mec\u00e1nica y automoci\u00f3n, en los que se ha consolidado como l\u00edder en la fabricaci\u00f3n de sierras y fresas circulares de metal duro integral de cualquier tipo.<br \/>\nGama de producci\u00f3n de <strong>8,00 mm<\/strong> a <strong>300,00<\/strong> mm de di\u00e1metro.<br \/>\nEspesores de<strong> 0,05 mm<\/strong> a <strong>60,00 mm<\/strong> (en correlaci\u00f3n con el di\u00e1metro exterior).<\/p>\n<\/div>\n<\/div>\n","protected":false},"excerpt":{"rendered":"<p>Aplicaciones AF.AR sierras circulares de carburo Aplicaciones Algunas \u00e1reas de aplicaci\u00f3n donde se pueden utilizar nuestros productos son los textiles Meccano, el orfebre, las piezas peque\u00f1as, ortodoncia, colectores el\u00e9ctricos, mec\u00e1nica general, llaves, bloques, mec\u00e1nica, mec\u00e1nica de textiles, coleccionistas y motores el\u00e9ctricos, gafas de goma, circuitos impreso. productos galer\u00eda de algunos productos especiales Galer\u00eda de productos&#8230; <\/p>\n<div class=\"clear\"><\/div>\n<p><a href=\"https:\/\/www.afar-tools.com\/es\/aplicaciones-y-productos\/\" class=\"excerpt-read-more\">Learn More<i class=\"fa fa-angle-double-right icon-double-angle-right\"><\/i><\/a><\/p>\n","protected":false},"author":1,"featured_media":0,"parent":0,"menu_order":0,"comment_status":"closed","ping_status":"closed","template":"","meta":{"_exactmetrics_skip_tracking":false,"_exactmetrics_sitenote_active":false,"_exactmetrics_sitenote_note":"","_exactmetrics_sitenote_category":0,"footnotes":""},"class_list":["post-4621","page","type-page","status-publish","hentry"],"_links":{"self":[{"href":"https:\/\/www.afar-tools.com\/es\/wp-json\/wp\/v2\/pages\/4621","targetHints":{"allow":["GET"]}}],"collection":[{"href":"https:\/\/www.afar-tools.com\/es\/wp-json\/wp\/v2\/pages"}],"about":[{"href":"https:\/\/www.afar-tools.com\/es\/wp-json\/wp\/v2\/types\/page"}],"author":[{"embeddable":true,"href":"https:\/\/www.afar-tools.com\/es\/wp-json\/wp\/v2\/users\/1"}],"replies":[{"embeddable":true,"href":"https:\/\/www.afar-tools.com\/es\/wp-json\/wp\/v2\/comments?post=4621"}],"version-history":[{"count":1,"href":"https:\/\/www.afar-tools.com\/es\/wp-json\/wp\/v2\/pages\/4621\/revisions"}],"predecessor-version":[{"id":7263,"href":"https:\/\/www.afar-tools.com\/es\/wp-json\/wp\/v2\/pages\/4621\/revisions\/7263"}],"wp:attachment":[{"href":"https:\/\/www.afar-tools.com\/es\/wp-json\/wp\/v2\/media?parent=4621"}],"curies":[{"name":"wp","href":"https:\/\/api.w.org\/{rel}","templated":true}]}}