{"id":4666,"date":"2015-08-07T10:20:26","date_gmt":"2015-08-07T08:20:26","guid":{"rendered":"https:\/\/www.afar-tools.com\/es\/contatti\/"},"modified":"2024-06-14T11:34:02","modified_gmt":"2024-06-14T09:34:02","slug":"contacto-2","status":"publish","type":"page","link":"https:\/\/www.afar-tools.com\/es\/contacto-2\/","title":{"rendered":"Contacto"},"content":{"rendered":"<h1>Contacto &#8211; AF.AR taladros y sierras circulares de carburo<\/h1>\n<p>Deje sus datos de contacto y rellene el formulario de taladros y sierras circulares AF.AR carburo de recibir m\u00e1s informaci\u00f3n sobre nuestros productos y servicios, para las ofertas comerciales, de asistencia administrativa o t\u00e9cnica<\/p>\n<p><img loading=\"lazy\" decoding=\"async\" class=\"alignleft wp-image-4843 size-full\" title=\"Contacto\" src=\"https:\/\/www.afar-tools.com\/wp-content\/uploads\/2015\/12\/icon_afar_3.png\" alt=\"Contacto\" width=\"140\" height=\"140\" \/><\/p>\n<p>AF.AR &#8211; Producci\u00f3n y molienda de taladros y sierras circulares es una empresa din\u00e1mica reconocida nacional e internacionalmente<br \/>\nMaurizio Bassetti con el apoyo decisivo del padre Luigi es el AF.AR Afilado artesano que se ocupa de la rectificaci\u00f3n de taladros y sierras circulares de carburo para los relojes &#8211; ORFEBRE &#8211; GAFAS &#8211; COLECTOR &#8211; MECCANO textil.<\/p>\n<p>El taller se ha mejorado con la compra de una de las primeras m\u00e1quinas rectificadoras universales CNC existentes en Italia. Se compr\u00f3 y convenientemente modificado la primera molienda para la producci\u00f3n de discos para sierras circulares y cortadores. COMIENZA LA PRODUCCI\u00d3N DE sierras circulares INTEGRAL.<\/p>\n<p>Adquisici\u00f3n de la segunda m\u00e1quina de control num\u00e9rico de molienda y dos ajustes espec\u00edficos instalados. Es el a\u00f1o del primer cat\u00e1logo que comienza ventas en todo el pa\u00eds.<\/p>\n<h2>Contacto &#8211; AF.AR taladros y sierras circulares de carburo<\/h2>\n<p>la mm de di\u00e1metro y primeras palas 250 complet\u00f3 la gama de productos se producen con taladros de circuito impreso. En este a\u00f1o nos ha sido confiada la exclusiva de algunos productos en un comercio que vende productos bajo su propia marca: esta asociaci\u00f3n tiene una duraci\u00f3n de casi 15 a\u00f1os.<\/p>\n<p>Se introdujo en el control y la identificaci\u00f3n hist\u00f3rica de adici\u00f3n sinterizado a s\u00ed mismo. A partir de este momento en la historia de cada pieza puede ser reconstruida sin errores de los \u00faltimos a\u00f1os.<\/p>\n<p>Introducen m\u00e1quinas CNC sofisticadas y se adoptan CAD avanzadas &#8211; CAM para la producci\u00f3n. Se introduce una potente base de datos ad hoc para el sistema de almacenamiento de datos de producci\u00f3n y dibujos. Se pone en l\u00ednea el primer sitio web www.afar-Tools.com<\/p>\n<p>La colaboraci\u00f3n a largo plazo con el anuncio caducado: decide establecer una red de venta directa para la distribuci\u00f3n directa al mercado interno y externo generalizada con MARCA AF.AR.<\/p>\n<p>para transferir su asiento en el nuevo establecimiento situado.<\/p>\n<p>Introducci\u00f3n de la CNC m\u00e1quinas con nuevos planes de tecnolog\u00eda de molienda.<\/p>\n<p>Nacido la segunda unidad de molienda para los cuerpos de sierras circulares.<\/p>\n<p>Introducci\u00f3n de alta potencia rectificadoras CNC con el ciclo de medici\u00f3n de carga completamente autom\u00e1tico para alta producci\u00f3n. La introducci\u00f3n de un sistema rob\u00f3tico para la impresi\u00f3n l\u00e1ser en la serie alta.<\/p>\n","protected":false},"excerpt":{"rendered":"<p>Contacto &#8211; AF.AR taladros y sierras circulares de carburo Deje sus datos de contacto y rellene el formulario de taladros y sierras circulares AF.AR carburo de recibir m\u00e1s informaci\u00f3n sobre nuestros productos y servicios, para las ofertas comerciales, de asistencia administrativa o t\u00e9cnica AF.AR &#8211; Producci\u00f3n y molienda de taladros y sierras circulares es una&#8230; <\/p>\n<div class=\"clear\"><\/div>\n<p><a href=\"https:\/\/www.afar-tools.com\/es\/contacto-2\/\" class=\"excerpt-read-more\">Learn More<i class=\"fa fa-angle-double-right icon-double-angle-right\"><\/i><\/a><\/p>\n","protected":false},"author":1,"featured_media":0,"parent":0,"menu_order":0,"comment_status":"closed","ping_status":"open","template":"","meta":{"_exactmetrics_skip_tracking":false,"_exactmetrics_sitenote_active":false,"_exactmetrics_sitenote_note":"","_exactmetrics_sitenote_category":0,"footnotes":""},"class_list":["post-4666","page","type-page","status-publish","hentry"],"_links":{"self":[{"href":"https:\/\/www.afar-tools.com\/es\/wp-json\/wp\/v2\/pages\/4666","targetHints":{"allow":["GET"]}}],"collection":[{"href":"https:\/\/www.afar-tools.com\/es\/wp-json\/wp\/v2\/pages"}],"about":[{"href":"https:\/\/www.afar-tools.com\/es\/wp-json\/wp\/v2\/types\/page"}],"author":[{"embeddable":true,"href":"https:\/\/www.afar-tools.com\/es\/wp-json\/wp\/v2\/users\/1"}],"replies":[{"embeddable":true,"href":"https:\/\/www.afar-tools.com\/es\/wp-json\/wp\/v2\/comments?post=4666"}],"version-history":[{"count":2,"href":"https:\/\/www.afar-tools.com\/es\/wp-json\/wp\/v2\/pages\/4666\/revisions"}],"predecessor-version":[{"id":7455,"href":"https:\/\/www.afar-tools.com\/es\/wp-json\/wp\/v2\/pages\/4666\/revisions\/7455"}],"wp:attachment":[{"href":"https:\/\/www.afar-tools.com\/es\/wp-json\/wp\/v2\/media?parent=4666"}],"curies":[{"name":"wp","href":"https:\/\/api.w.org\/{rel}","templated":true}]}}