{"id":4672,"date":"2015-11-19T14:11:58","date_gmt":"2015-11-19T13:11:58","guid":{"rendered":"https:\/\/www.afar-tools.com\/es\/news\/"},"modified":"2016-02-29T10:38:08","modified_gmt":"2016-02-29T09:38:08","slug":"noticias","status":"publish","type":"page","link":"https:\/\/www.afar-tools.com\/es\/noticias\/","title":{"rendered":"Noticias"},"content":{"rendered":"<h1>Noticias<\/h1>\n<p>Noticias &#8211; Desde el mundo<br \/>\nAF.AR hoy est\u00e1 m\u00e1s cerca de su negocio<br \/>\nAF.AR tambi\u00e9n se renueva en l\u00ednea. A partir de hoy, el mundo de las herramientas, sierras circulares de carburo es a\u00fan m\u00e1s a la mano y haga clic. Gracias a la tecnolog\u00eda web reactiva \/ responsibe, el nuevo sitio permitir\u00e1 una mejor navegaci\u00f3n de nuestro contenido, informaci\u00f3n del producto, marca, tambi\u00e9n en contacto por medio de dispositivos m\u00f3viles como tel\u00e9fonos inteligentes y tabletas. A partir de hoy el mundo AF.AR est\u00e1 m\u00e1s cerca de su negocio.<\/p>\n<p>Del 5 al 10 de octubre de 2015 AF.AR estuvo presente en la feria EMO 2015 en Mil\u00e1n. que ten\u00eda el t\u00edtulo \u00abConstruyamos el futuro.\u00bb Conformaci\u00f3n y corte de metal m\u00e1quinas herramientas, m\u00e1quinas de soldadura, tratamiento t\u00e9rmico, tratamiento de superficies, robot, mecatr\u00f3nica, tecnolog\u00edas de aditivos, hardware, software de automatizaci\u00f3n, montaje, herramientas, piezas, componentes, accesorios, metrolog\u00eda, sistemas de control de calidad para el seguridad y protecci\u00f3n del medio ambiente.<\/p>\n<p><img loading=\"lazy\" decoding=\"async\" class=\"alignleft wp-image-5634 size-medium\" title=\"Noticias\" src=\"https:\/\/www.afar-tools.com\/wp-content\/uploads\/2015\/07\/AfAr-home-185x300.jpg\" alt=\"Noticias\" width=\"185\" height=\"300\" srcset=\"https:\/\/www.afar-tools.com\/wp-content\/uploads\/2015\/07\/AfAr-home-185x300.jpg 185w, https:\/\/www.afar-tools.com\/wp-content\/uploads\/2015\/07\/AfAr-home-768x1244.jpg 768w, https:\/\/www.afar-tools.com\/wp-content\/uploads\/2015\/07\/AfAr-home-632x1024.jpg 632w, https:\/\/www.afar-tools.com\/wp-content\/uploads\/2015\/07\/AfAr-home.jpg 800w\" sizes=\"auto, (max-width: 185px) 100vw, 185px\" \/><\/p>\n","protected":false},"excerpt":{"rendered":"<p>Noticias Noticias &#8211; Desde el mundo AF.AR hoy est\u00e1 m\u00e1s cerca de su negocio AF.AR tambi\u00e9n se renueva en l\u00ednea. A partir de hoy, el mundo de las herramientas, sierras circulares de carburo es a\u00fan m\u00e1s a la mano y haga clic. Gracias a la tecnolog\u00eda web reactiva \/ responsibe, el nuevo sitio permitir\u00e1 una&#8230; <\/p>\n<div class=\"clear\"><\/div>\n<p><a href=\"https:\/\/www.afar-tools.com\/es\/noticias\/\" class=\"excerpt-read-more\">Learn More<i class=\"fa fa-angle-double-right icon-double-angle-right\"><\/i><\/a><\/p>\n","protected":false},"author":1,"featured_media":0,"parent":0,"menu_order":0,"comment_status":"closed","ping_status":"closed","template":"","meta":{"_exactmetrics_skip_tracking":false,"_exactmetrics_sitenote_active":false,"_exactmetrics_sitenote_note":"","_exactmetrics_sitenote_category":0,"footnotes":""},"class_list":["post-4672","page","type-page","status-publish","hentry"],"_links":{"self":[{"href":"https:\/\/www.afar-tools.com\/es\/wp-json\/wp\/v2\/pages\/4672","targetHints":{"allow":["GET"]}}],"collection":[{"href":"https:\/\/www.afar-tools.com\/es\/wp-json\/wp\/v2\/pages"}],"about":[{"href":"https:\/\/www.afar-tools.com\/es\/wp-json\/wp\/v2\/types\/page"}],"author":[{"embeddable":true,"href":"https:\/\/www.afar-tools.com\/es\/wp-json\/wp\/v2\/users\/1"}],"replies":[{"embeddable":true,"href":"https:\/\/www.afar-tools.com\/es\/wp-json\/wp\/v2\/comments?post=4672"}],"version-history":[{"count":0,"href":"https:\/\/www.afar-tools.com\/es\/wp-json\/wp\/v2\/pages\/4672\/revisions"}],"wp:attachment":[{"href":"https:\/\/www.afar-tools.com\/es\/wp-json\/wp\/v2\/media?parent=4672"}],"curies":[{"name":"wp","href":"https:\/\/api.w.org\/{rel}","templated":true}]}}