{"id":7176,"date":"2016-09-26T16:21:15","date_gmt":"2016-09-26T14:21:15","guid":{"rendered":"https:\/\/www.afar-tools.com\/applicazioni\/applicazioni-per-collettori-e-motori-elettrici\/"},"modified":"2018-07-09T17:09:41","modified_gmt":"2018-07-09T15:09:41","slug":"aplicaciones-para-colectores-electricos","status":"publish","type":"page","link":"https:\/\/www.afar-tools.com\/es\/aplicaciones\/aplicaciones-para-colectores-electricos\/","title":{"rendered":"Aplicaciones para colectores el\u00e9ctricos"},"content":{"rendered":"<h3 class=\"gdlr-item-title gdlr-skin-title gdlr-skin-border\" style=\"font-size: 24px;\">Fresas para el sector electromec\u00e1nico<\/h3>\n<p>Se utilizan en m\u00e1quinas manuales y\/o autom\u00e1ticas para fresado y socavamiento, de peque\u00f1os y medianos colectores, en la producci\u00f3n como en la manutenci\u00f3n.<br \/>\nLas mismas fresas de di\u00e1metro superior pueden utilizarse para la producci\u00f3n de detalles de dimensiones mayores.<br \/>\nNormalmente se producen a petici\u00f3n del cliente que especifica di\u00e1metro\/agujero\/n\u00famero de dientes y \u00e1ngulos requeridos.<\/p>\n<p>&nbsp;<\/p>\n<p><img loading=\"lazy\" decoding=\"async\" class=\"alignnone size-full wp-image-6850\" src=\"https:\/\/www.afar-tools.com\/wp-content\/uploads\/2016\/09\/frese-per-elettromeccanica-1.jpg\" alt=\"frese per elettromeccanica\" width=\"1024\" height=\"643\" srcset=\"https:\/\/www.afar-tools.com\/wp-content\/uploads\/2016\/09\/frese-per-elettromeccanica-1.jpg 1024w, https:\/\/www.afar-tools.com\/wp-content\/uploads\/2016\/09\/frese-per-elettromeccanica-1-300x188.jpg 300w, https:\/\/www.afar-tools.com\/wp-content\/uploads\/2016\/09\/frese-per-elettromeccanica-1-768x482.jpg 768w\" sizes=\"auto, (max-width: 1024px) 100vw, 1024px\" \/><\/p>\n<h3 class=\"gdlr-item-title gdlr-skin-title gdlr-skin-border\" style=\"font-size: 24px;\">Fresas reforzadas<\/h3>\n<p><img loading=\"lazy\" decoding=\"async\" class=\"alignnone size-full wp-image-6798\" src=\"https:\/\/www.afar-tools.com\/wp-content\/uploads\/2016\/09\/frese-con-rinforzo.jpg\" alt=\"frese con rinforzo\" width=\"1024\" height=\"283\" srcset=\"https:\/\/www.afar-tools.com\/wp-content\/uploads\/2016\/09\/frese-con-rinforzo.jpg 1024w, https:\/\/www.afar-tools.com\/wp-content\/uploads\/2016\/09\/frese-con-rinforzo-300x83.jpg 300w, https:\/\/www.afar-tools.com\/wp-content\/uploads\/2016\/09\/frese-con-rinforzo-768x212.jpg 768w\" sizes=\"auto, (max-width: 1024px) 100vw, 1024px\" \/><\/p>\n<table>\n<tbody>\n<tr>\n<th><\/th>\n<th>D<\/th>\n<th>F<\/th>\n<th>M<\/th>\n<th>S1<\/th>\n<th>S<\/th>\n<th>Z<\/th>\n<\/tr>\n<tr>\n<td>EMM10<\/td>\n<td>10<\/td>\n<td>3<\/td>\n<td>6<\/td>\n<td>0.3-1.0<\/td>\n<td>1.1<\/td>\n<td>10<\/td>\n<\/tr>\n<tr>\n<td>EMM15<\/td>\n<td>15<\/td>\n<td>5<\/td>\n<td>7.5<\/td>\n<td>0.4-1.0<\/td>\n<td>1.1<\/td>\n<td>16<\/td>\n<\/tr>\n<tr>\n<td>EMM21<\/td>\n<td>21<\/td>\n<td>7<\/td>\n<td>10<\/td>\n<td>0.4-10<\/td>\n<td>1.1<\/td>\n<td>20<\/td>\n<\/tr>\n<\/tbody>\n<\/table>\n<h3 class=\"gdlr-item-title gdlr-skin-title gdlr-skin-border\" style=\"font-size: 24px;\"><\/h3>\n<h3 class=\"gdlr-item-title gdlr-skin-title gdlr-skin-border\" style=\"font-size: 24px;\">Fresa normal<\/h3>\n<p><img loading=\"lazy\" decoding=\"async\" class=\"alignnone size-full wp-image-6855\" src=\"https:\/\/www.afar-tools.com\/wp-content\/uploads\/2016\/09\/frese-normali.jpg\" alt=\"frese normali\" width=\"1024\" height=\"283\" srcset=\"https:\/\/www.afar-tools.com\/wp-content\/uploads\/2016\/09\/frese-normali.jpg 1024w, https:\/\/www.afar-tools.com\/wp-content\/uploads\/2016\/09\/frese-normali-300x83.jpg 300w, https:\/\/www.afar-tools.com\/wp-content\/uploads\/2016\/09\/frese-normali-768x212.jpg 768w\" sizes=\"auto, (max-width: 1024px) 100vw, 1024px\" \/><\/p>\n<table>\n<tbody>\n<tr>\n<th><\/th>\n<th>D<\/th>\n<th>F<\/th>\n<th>S1<\/th>\n<th>Z<\/th>\n<\/tr>\n<tr>\n<td>EMN32<\/td>\n<td>32<\/td>\n<td>8<\/td>\n<td>0.3-2.0<\/td>\n<td>24<\/td>\n<\/tr>\n<tr>\n<td>EMN35<\/td>\n<td>35<\/td>\n<td>10<\/td>\n<td>0.4-1.0<\/td>\n<td>20<\/td>\n<\/tr>\n<tr>\n<td>EMN40<\/td>\n<td>40<\/td>\n<td>10-16<\/td>\n<td>0.4-2.8<\/td>\n<td>24-32<\/td>\n<\/tr>\n<\/tbody>\n<\/table>\n<h3 class=\"gdlr-item-title gdlr-skin-title gdlr-skin-border\" style=\"font-size: 24px;\"><\/h3>\n<h3 class=\"gdlr-item-title gdlr-skin-title gdlr-skin-border\" style=\"font-size: 24px;\">Fresas en grupo<\/h3>\n<p><img loading=\"lazy\" decoding=\"async\" class=\"alignnone size-full wp-image-6862\" src=\"https:\/\/www.afar-tools.com\/wp-content\/uploads\/2016\/09\/frese-a-gruppo.jpg\" alt=\"frese a gruppo\" width=\"1024\" height=\"283\" srcset=\"https:\/\/www.afar-tools.com\/wp-content\/uploads\/2016\/09\/frese-a-gruppo.jpg 1024w, https:\/\/www.afar-tools.com\/wp-content\/uploads\/2016\/09\/frese-a-gruppo-300x83.jpg 300w, https:\/\/www.afar-tools.com\/wp-content\/uploads\/2016\/09\/frese-a-gruppo-768x212.jpg 768w\" sizes=\"auto, (max-width: 1024px) 100vw, 1024px\" \/><\/p>\n<table>\n<tbody>\n<tr>\n<th style=\"width: 57px;\"><\/th>\n<th style=\"width: 22px;\">D<\/th>\n<th style=\"width: 28px;\">DL<\/th>\n<th style=\"width: 28px;\">F<\/th>\n<th style=\"width: 54px;\">S<\/th>\n<th style=\"width: 22px;\">SL<\/th>\n<th style=\"width: 22px;\">Z<\/th>\n<th style=\"width: 29px;\">A\u00b0<\/th>\n<\/tr>\n<tr>\n<td style=\"width: 57px;\">EMN10<\/td>\n<td style=\"width: 22px;\">10<\/td>\n<td style=\"width: 28px;\"><\/td>\n<td style=\"width: 28px;\">3<\/td>\n<td style=\"width: 54px;\">0.4-1.0<\/td>\n<td style=\"width: 22px;\"><\/td>\n<td style=\"width: 22px;\">6 -10<\/td>\n<td style=\"width: 29px;\"><\/td>\n<\/tr>\n<tr>\n<td style=\"width: 57px;\">ELL10<\/td>\n<td style=\"width: 22px;\"><\/td>\n<td style=\"width: 28px;\">8.5<\/td>\n<td style=\"width: 28px;\">3<\/td>\n<td style=\"width: 54px;\"><\/td>\n<td style=\"width: 22px;\">1<\/td>\n<td style=\"width: 22px;\">6-10<\/td>\n<td style=\"width: 29px;\">45\u00b0<\/td>\n<\/tr>\n<tr>\n<td style=\"width: 57px;\">ELR10<\/td>\n<td style=\"width: 22px;\"><\/td>\n<td style=\"width: 28px;\">8.5<\/td>\n<td style=\"width: 28px;\">3<\/td>\n<td style=\"width: 54px;\"><\/td>\n<td style=\"width: 22px;\">1<\/td>\n<td style=\"width: 22px;\">6-10<\/td>\n<td style=\"width: 29px;\">45\u00b0<\/td>\n<\/tr>\n<tr>\n<td style=\"width: 57px;\"><\/td>\n<td style=\"width: 22px;\"><\/td>\n<td style=\"width: 28px;\"><\/td>\n<td style=\"width: 28px;\"><\/td>\n<td style=\"width: 54px;\"><\/td>\n<td style=\"width: 22px;\"><\/td>\n<td style=\"width: 22px;\"><\/td>\n<td style=\"width: 29px;\"><\/td>\n<\/tr>\n<tr>\n<td style=\"width: 57px;\">EMN15<\/td>\n<td style=\"width: 22px;\">15<\/td>\n<td style=\"width: 28px;\"><\/td>\n<td style=\"width: 28px;\">5<\/td>\n<td style=\"width: 54px;\">0.4-1.0<\/td>\n<td style=\"width: 22px;\"><\/td>\n<td style=\"width: 22px;\">10<\/td>\n<td style=\"width: 29px;\"><\/td>\n<\/tr>\n<tr>\n<td style=\"width: 57px;\">ELL15<\/td>\n<td style=\"width: 22px;\"><\/td>\n<td style=\"width: 28px;\">13.5<\/td>\n<td style=\"width: 28px;\">5<\/td>\n<td style=\"width: 54px;\"><\/td>\n<td style=\"width: 22px;\">1<\/td>\n<td style=\"width: 22px;\">10<\/td>\n<td style=\"width: 29px;\">45\u00b0<\/td>\n<\/tr>\n<tr>\n<td style=\"width: 57px;\">ELR15<\/td>\n<td style=\"width: 22px;\"><\/td>\n<td style=\"width: 28px;\">13.5<\/td>\n<td style=\"width: 28px;\">5<\/td>\n<td style=\"width: 54px;\"><\/td>\n<td style=\"width: 22px;\">1<\/td>\n<td style=\"width: 22px;\">10<\/td>\n<td style=\"width: 29px;\">45\u00b0<\/td>\n<\/tr>\n<tr>\n<td style=\"width: 57px;\"><\/td>\n<td style=\"width: 22px;\"><\/td>\n<td style=\"width: 28px;\"><\/td>\n<td style=\"width: 28px;\"><\/td>\n<td style=\"width: 54px;\"><\/td>\n<td style=\"width: 22px;\"><\/td>\n<td style=\"width: 22px;\"><\/td>\n<td style=\"width: 29px;\"><\/td>\n<\/tr>\n<tr>\n<td style=\"width: 57px;\">EMN21<\/td>\n<td style=\"width: 22px;\">21<\/td>\n<td style=\"width: 28px;\"><\/td>\n<td style=\"width: 28px;\">7<\/td>\n<td style=\"width: 54px;\">0.4-2.0<\/td>\n<td style=\"width: 22px;\"><\/td>\n<td style=\"width: 22px;\">12<\/td>\n<td style=\"width: 29px;\"><\/td>\n<\/tr>\n<tr>\n<td style=\"width: 57px;\">ELL21<\/td>\n<td style=\"width: 22px;\"><\/td>\n<td style=\"width: 28px;\">19<\/td>\n<td style=\"width: 28px;\">7<\/td>\n<td style=\"width: 54px;\"><\/td>\n<td style=\"width: 22px;\">1<\/td>\n<td style=\"width: 22px;\">12<\/td>\n<td style=\"width: 29px;\">30\u00b0 &#8211; 45\u00b0<\/td>\n<\/tr>\n<tr>\n<td style=\"width: 57px;\">ELR21<\/td>\n<td style=\"width: 22px;\"><\/td>\n<td style=\"width: 28px;\">19<\/td>\n<td style=\"width: 28px;\">7<\/td>\n<td style=\"width: 54px;\"><\/td>\n<td style=\"width: 22px;\">1<\/td>\n<td style=\"width: 22px;\">12<\/td>\n<td style=\"width: 29px;\">30\u00b0 &#8211; 45\u00b0<\/td>\n<\/tr>\n<tr>\n<td style=\"width: 57px;\"><\/td>\n<td style=\"width: 22px;\"><\/td>\n<td style=\"width: 28px;\"><\/td>\n<td style=\"width: 28px;\"><\/td>\n<td style=\"width: 54px;\"><\/td>\n<td style=\"width: 22px;\"><\/td>\n<td style=\"width: 22px;\"><\/td>\n<td style=\"width: 29px;\"><\/td>\n<\/tr>\n<tr>\n<td style=\"width: 57px;\">EMN25<\/td>\n<td style=\"width: 22px;\">25<\/td>\n<td style=\"width: 28px;\"><\/td>\n<td style=\"width: 28px;\">7-8<\/td>\n<td style=\"width: 54px;\">0.4-2.0<\/td>\n<td style=\"width: 22px;\"><\/td>\n<td style=\"width: 22px;\">20<\/td>\n<td style=\"width: 29px;\"><\/td>\n<\/tr>\n<tr>\n<td style=\"width: 57px;\">ELL25<\/td>\n<td style=\"width: 22px;\"><\/td>\n<td style=\"width: 28px;\">23<\/td>\n<td style=\"width: 28px;\">7-8<\/td>\n<td style=\"width: 54px;\"><\/td>\n<td style=\"width: 22px;\">1<\/td>\n<td style=\"width: 22px;\">20<\/td>\n<td style=\"width: 29px;\">45\u00b0<\/td>\n<\/tr>\n<tr>\n<td style=\"width: 57px;\">ELR25<\/td>\n<td style=\"width: 22px;\"><\/td>\n<td style=\"width: 28px;\">23<\/td>\n<td style=\"width: 28px;\">7-8<\/td>\n<td style=\"width: 54px;\"><\/td>\n<td style=\"width: 22px;\">1<\/td>\n<td style=\"width: 22px;\">20<\/td>\n<td style=\"width: 29px;\">45\u00b0<\/td>\n<\/tr>\n<\/tbody>\n<\/table>\n<h3 class=\"gdlr-item-title gdlr-skin-title gdlr-skin-border\" style=\"font-size: 24px;\"><\/h3>\n<h3 class=\"gdlr-item-title gdlr-skin-title gdlr-skin-border\" style=\"font-size: 24px;\">Fresa \u201cV\u201d<\/h3>\n<p><img loading=\"lazy\" decoding=\"async\" class=\"alignnone size-full wp-image-6869\" src=\"https:\/\/www.afar-tools.com\/wp-content\/uploads\/2016\/09\/frese-a-V.jpg\" alt=\"Frese a V\" width=\"1024\" height=\"283\" srcset=\"https:\/\/www.afar-tools.com\/wp-content\/uploads\/2016\/09\/frese-a-V.jpg 1024w, https:\/\/www.afar-tools.com\/wp-content\/uploads\/2016\/09\/frese-a-V-300x83.jpg 300w, https:\/\/www.afar-tools.com\/wp-content\/uploads\/2016\/09\/frese-a-V-768x212.jpg 768w\" sizes=\"auto, (max-width: 1024px) 100vw, 1024px\" \/><\/p>\n<table>\n<tbody>\n<tr>\n<th style=\"width: 57px;\"><\/th>\n<th style=\"width: 22px;\">D<\/th>\n<th style=\"width: 28px;\">F<\/th>\n<th style=\"width: 54px;\">S<\/th>\n<th style=\"width: 22px;\">Z<\/th>\n<th style=\"width: 29px;\">A\u00b0<\/th>\n<\/tr>\n<tr>\n<td style=\"width: 57px;\">EMV12<\/td>\n<td style=\"width: 22px;\">12<\/td>\n<td style=\"width: 28px;\">5<\/td>\n<td style=\"width: 54px;\">0.4-1.0<\/td>\n<td style=\"width: 22px;\">10<\/td>\n<td style=\"width: 29px;\">20\u00b0<\/td>\n<\/tr>\n<tr>\n<td style=\"width: 57px;\">EMV15<\/td>\n<td style=\"width: 22px;\">15<\/td>\n<td style=\"width: 28px;\">5<\/td>\n<td style=\"width: 54px;\">0.4-1.0<\/td>\n<td style=\"width: 22px;\">12<\/td>\n<td style=\"width: 29px;\">20\u00b0<\/td>\n<\/tr>\n<tr>\n<td style=\"width: 57px;\">EMV21<\/td>\n<td style=\"width: 22px;\">21<\/td>\n<td style=\"width: 28px;\">7<\/td>\n<td style=\"width: 54px;\">0.4-1.8<\/td>\n<td style=\"width: 22px;\">16<\/td>\n<td style=\"width: 29px;\">20\u00b0<\/td>\n<\/tr>\n<tr>\n<td style=\"width: 57px;\">EMV25<\/td>\n<td style=\"width: 22px;\">25<\/td>\n<td style=\"width: 28px;\">7-8<\/td>\n<td style=\"width: 54px;\">06.-2.0<\/td>\n<td style=\"width: 22px;\">20<\/td>\n<td style=\"width: 29px;\">20\u00b0<\/td>\n<\/tr>\n<\/tbody>\n<\/table>\n","protected":false},"excerpt":{"rendered":"<p>Fresas para el sector electromec\u00e1nico Se utilizan en m\u00e1quinas manuales y\/o autom\u00e1ticas para fresado y socavamiento, de peque\u00f1os y medianos colectores, en la producci\u00f3n como en la manutenci\u00f3n. Las mismas fresas de di\u00e1metro superior pueden utilizarse para la producci\u00f3n de detalles de dimensiones mayores. Normalmente se producen a petici\u00f3n del cliente que especifica di\u00e1metro\/agujero\/n\u00famero de&#8230; <\/p>\n<div class=\"clear\"><\/div>\n<p><a href=\"https:\/\/www.afar-tools.com\/es\/aplicaciones\/aplicaciones-para-colectores-electricos\/\" class=\"excerpt-read-more\">Learn More<i class=\"fa fa-angle-double-right icon-double-angle-right\"><\/i><\/a><\/p>\n","protected":false},"author":1,"featured_media":0,"parent":7162,"menu_order":0,"comment_status":"closed","ping_status":"closed","template":"","meta":{"_exactmetrics_skip_tracking":false,"_exactmetrics_sitenote_active":false,"_exactmetrics_sitenote_note":"","_exactmetrics_sitenote_category":0,"footnotes":""},"class_list":["post-7176","page","type-page","status-publish","hentry"],"_links":{"self":[{"href":"https:\/\/www.afar-tools.com\/es\/wp-json\/wp\/v2\/pages\/7176","targetHints":{"allow":["GET"]}}],"collection":[{"href":"https:\/\/www.afar-tools.com\/es\/wp-json\/wp\/v2\/pages"}],"about":[{"href":"https:\/\/www.afar-tools.com\/es\/wp-json\/wp\/v2\/types\/page"}],"author":[{"embeddable":true,"href":"https:\/\/www.afar-tools.com\/es\/wp-json\/wp\/v2\/users\/1"}],"replies":[{"embeddable":true,"href":"https:\/\/www.afar-tools.com\/es\/wp-json\/wp\/v2\/comments?post=7176"}],"version-history":[{"count":3,"href":"https:\/\/www.afar-tools.com\/es\/wp-json\/wp\/v2\/pages\/7176\/revisions"}],"predecessor-version":[{"id":7284,"href":"https:\/\/www.afar-tools.com\/es\/wp-json\/wp\/v2\/pages\/7176\/revisions\/7284"}],"up":[{"embeddable":true,"href":"https:\/\/www.afar-tools.com\/es\/wp-json\/wp\/v2\/pages\/7162"}],"wp:attachment":[{"href":"https:\/\/www.afar-tools.com\/es\/wp-json\/wp\/v2\/media?parent=7176"}],"curies":[{"name":"wp","href":"https:\/\/api.w.org\/{rel}","templated":true}]}}