{"id":7196,"date":"2018-07-06T14:47:45","date_gmt":"2018-07-06T12:47:45","guid":{"rendered":"https:\/\/www.afar-tools.com\/applicazioni\/applicazioni-per-circuiti-stampati\/"},"modified":"2018-07-09T16:56:41","modified_gmt":"2018-07-09T14:56:41","slug":"aplicaciones-para-circuitos-impresos","status":"publish","type":"page","link":"https:\/\/www.afar-tools.com\/es\/aplicaciones\/aplicaciones-para-circuitos-impresos\/","title":{"rendered":"Aplicaciones para circuitos impresos"},"content":{"rendered":"<p>Estos utensilios forman parte de nuestra gama de fresas circulares y de ese 70% de fresas que se ha descrito en las p\u00e1ginas precedentes. tambi\u00e9n se conocen en el sector de circuitos impresos como \u201clamas scoring\u201d y sus dimensiones b\u00e1sicas de di\u00e1metro \u2013 agujero \u2013 n\u00famero de dientes son est\u00e1ndar.<br \/>\nEl \u00e1ngulo (a) normalmente es de 30\u00b0 pero tambi\u00e9n podemos producirlo de 20\u00b0 y de 15\u00b0, para cortes m\u00e1s estrechos tambi\u00e9n en profundidades mayores. nacieron para cortar tarjetas entre pistas distantes no m\u00e1s de 0,4 \u2013 0,5 mm.<br \/>\nEl \u00edndice en la p\u00e1g 28 les puede ayudar para eligir el \u00e1ngulo m\u00e1s conveniente seg\u00fan la profundidad de fresado necesaria para la producci\u00f3n.<br \/>\n<img loading=\"lazy\" decoding=\"async\" class=\"alignnone size-full wp-image-7121\" src=\"https:\/\/www.afar-tools.com\/wp-content\/uploads\/2018\/07\/fresa-scoring.jpg\" alt=\"fresa scoring\" width=\"1861\" height=\"1116\" srcset=\"https:\/\/www.afar-tools.com\/wp-content\/uploads\/2018\/07\/fresa-scoring.jpg 1861w, https:\/\/www.afar-tools.com\/wp-content\/uploads\/2018\/07\/fresa-scoring-300x180.jpg 300w, https:\/\/www.afar-tools.com\/wp-content\/uploads\/2018\/07\/fresa-scoring-768x461.jpg 768w, https:\/\/www.afar-tools.com\/wp-content\/uploads\/2018\/07\/fresa-scoring-1024x614.jpg 1024w\" sizes=\"auto, (max-width: 1861px) 100vw, 1861px\" \/><\/p>\n<h3 class=\"gdlr-item-title gdlr-skin-title gdlr-skin-border\" style=\"font-size: 24px;\">Fresa de doble revoluci\u00f3n<\/h3>\n<p>Este tipo de lama se utiliza en m\u00e1quinas cnc de doble revoluci\u00f3n y corta en los dos sentidos de producci\u00f3n. (revoluci\u00f3n izquierda o derecha del mandril)<br \/>\n<img loading=\"lazy\" decoding=\"async\" class=\"alignnone size-full wp-image-7128\" src=\"https:\/\/www.afar-tools.com\/wp-content\/uploads\/2018\/07\/fresa-birotazionale.jpg\" alt=\"fresa birotazionale\" width=\"1360\" height=\"631\" srcset=\"https:\/\/www.afar-tools.com\/wp-content\/uploads\/2018\/07\/fresa-birotazionale.jpg 1360w, https:\/\/www.afar-tools.com\/wp-content\/uploads\/2018\/07\/fresa-birotazionale-300x139.jpg 300w, https:\/\/www.afar-tools.com\/wp-content\/uploads\/2018\/07\/fresa-birotazionale-768x356.jpg 768w, https:\/\/www.afar-tools.com\/wp-content\/uploads\/2018\/07\/fresa-birotazionale-1024x475.jpg 1024w\" sizes=\"auto, (max-width: 1360px) 100vw, 1360px\" \/><\/p>\n<table border=\"0\" width=\"100%\" cellspacing=\"0\" cellpadding=\"0\">\n<tbody>\n<tr>\n<td><strong>PROFUNDIDAD<\/strong><\/td>\n<td colspan=\"5\" align=\"center\"><strong>ANCHURA DE LA RANURA SUPERFICIAL<\/strong><\/td>\n<\/tr>\n<tr>\n<td>mm.<\/td>\n<td><strong>Fresa 15\u00b0<\/strong><\/td>\n<td><strong>Fresa 20\u00b0<\/strong><\/td>\n<td><strong>Fresa 30\u00b0<\/strong><\/td>\n<td><strong>Fresa 45\u00b0<\/strong><\/td>\n<td><strong>Fresa 60\u00b0<\/strong><\/td>\n<\/tr>\n<tr>\n<td>0.1<\/td>\n<td>0.126<\/td>\n<td>0.135<\/td>\n<td>0.153<\/td>\n<td>0.182<\/td>\n<td>0.215<\/td>\n<\/tr>\n<tr>\n<td>0.2<\/td>\n<td>0.153<\/td>\n<td>0.170<\/td>\n<td>0.207<\/td>\n<td>0.265<\/td>\n<td>0.330<\/td>\n<\/tr>\n<tr>\n<td>0.3<\/td>\n<td>0.179<\/td>\n<td>0.205<\/td>\n<td>0.260<\/td>\n<td>0.348<\/td>\n<td>0.446<\/td>\n<\/tr>\n<tr>\n<td>0.4<\/td>\n<td>0.206<\/td>\n<td>0.240<\/td>\n<td>0.314<\/td>\n<td>0.431<\/td>\n<td>0.561<\/td>\n<\/tr>\n<tr>\n<td>0.5<\/td>\n<td>0.232<\/td>\n<td>0.276<\/td>\n<td>0.368<\/td>\n<td>0.514<\/td>\n<td>0.677<\/td>\n<\/tr>\n<tr>\n<td>0.6<\/td>\n<td>0.258<\/td>\n<td>0.311<\/td>\n<td>0.421<\/td>\n<td>0.596<\/td>\n<td>0.792<\/td>\n<\/tr>\n<tr>\n<td>0.7<\/td>\n<td>0.285<\/td>\n<td>0.346<\/td>\n<td>0.475<\/td>\n<td>0.679<\/td>\n<td>0.907<\/td>\n<\/tr>\n<tr>\n<td>0.8<\/td>\n<td>0.311<\/td>\n<td>0.381<\/td>\n<td>0.528<\/td>\n<td>0.762<\/td>\n<td>1.023<\/td>\n<\/tr>\n<tr>\n<td>0.9<\/td>\n<td>0.338<\/td>\n<td>0.416<\/td>\n<td>0.582<\/td>\n<td>0.845<\/td>\n<td>1.138<\/td>\n<\/tr>\n<tr>\n<td>1.0<\/td>\n<td>0.364<\/td>\n<td>0.452<\/td>\n<td>0.636<\/td>\n<td>0.928<\/td>\n<td>1.254<\/td>\n<\/tr>\n<\/tbody>\n<\/table>\n<p>P. ej. si necesitan cortar una tarjeta de espesor 1,6 pasando entre pistas distantes 0,45 mm lo mejor es utilizar una fresa de 20\u00b0, pues al nivel de 0,80 de profundidad produce una ranura de 0, 381 mm.<\/p>\n<h3 class=\"gdlr-item-title gdlr-skin-title gdlr-skin-border\" style=\"font-size: 24px;\">Rodillo de goma<\/h3>\n<p>Se instala junto con la fresa en el casquillo de sustentaci\u00f3n; sirve para arrastrar y conducir la tarjeta mientras se corta. en este caso el tama\u00f1o est\u00e1ndar por razones geom\u00e9tricas y de dureza de la goma es de 50 shore.<br \/>\n<img loading=\"lazy\" decoding=\"async\" class=\"alignnone size-full wp-image-7135\" src=\"https:\/\/www.afar-tools.com\/wp-content\/uploads\/2018\/07\/rullo-in-gomma.jpg\" alt=\"rullo in gomma\" width=\"1082\" height=\"899\" srcset=\"https:\/\/www.afar-tools.com\/wp-content\/uploads\/2018\/07\/rullo-in-gomma.jpg 1082w, https:\/\/www.afar-tools.com\/wp-content\/uploads\/2018\/07\/rullo-in-gomma-300x249.jpg 300w, https:\/\/www.afar-tools.com\/wp-content\/uploads\/2018\/07\/rullo-in-gomma-768x638.jpg 768w, https:\/\/www.afar-tools.com\/wp-content\/uploads\/2018\/07\/rullo-in-gomma-1024x851.jpg 1024w\" sizes=\"auto, (max-width: 1082px) 100vw, 1082px\" \/><br \/>\nTambi\u00e9n en este sector hay casos en que los clientes utilizan m\u00e1quinas hechas seg\u00fan sus propias necesidades, que necesitan utensilios diferentes por dimensiones con respecto a nuestra producci\u00f3n est\u00e1ndar. tambi\u00e9n en este caso nuestra experiencia nos permite satisfacer sus necesidades por lo que se refiere a fresas y a rodillos.<\/p>\n","protected":false},"excerpt":{"rendered":"<p>Estos utensilios forman parte de nuestra gama de fresas circulares y de ese 70% de fresas que se ha descrito en las p\u00e1ginas precedentes. tambi\u00e9n se conocen en el sector de circuitos impresos como \u201clamas scoring\u201d y sus dimensiones b\u00e1sicas de di\u00e1metro \u2013 agujero \u2013 n\u00famero de dientes son est\u00e1ndar. El \u00e1ngulo (a) normalmente es&#8230; <\/p>\n<div class=\"clear\"><\/div>\n<p><a href=\"https:\/\/www.afar-tools.com\/es\/aplicaciones\/aplicaciones-para-circuitos-impresos\/\" class=\"excerpt-read-more\">Learn More<i class=\"fa fa-angle-double-right icon-double-angle-right\"><\/i><\/a><\/p>\n","protected":false},"author":1,"featured_media":0,"parent":7162,"menu_order":0,"comment_status":"closed","ping_status":"closed","template":"","meta":{"_exactmetrics_skip_tracking":false,"_exactmetrics_sitenote_active":false,"_exactmetrics_sitenote_note":"","_exactmetrics_sitenote_category":0,"footnotes":""},"class_list":["post-7196","page","type-page","status-publish","hentry"],"_links":{"self":[{"href":"https:\/\/www.afar-tools.com\/es\/wp-json\/wp\/v2\/pages\/7196","targetHints":{"allow":["GET"]}}],"collection":[{"href":"https:\/\/www.afar-tools.com\/es\/wp-json\/wp\/v2\/pages"}],"about":[{"href":"https:\/\/www.afar-tools.com\/es\/wp-json\/wp\/v2\/types\/page"}],"author":[{"embeddable":true,"href":"https:\/\/www.afar-tools.com\/es\/wp-json\/wp\/v2\/users\/1"}],"replies":[{"embeddable":true,"href":"https:\/\/www.afar-tools.com\/es\/wp-json\/wp\/v2\/comments?post=7196"}],"version-history":[{"count":2,"href":"https:\/\/www.afar-tools.com\/es\/wp-json\/wp\/v2\/pages\/7196\/revisions"}],"predecessor-version":[{"id":7270,"href":"https:\/\/www.afar-tools.com\/es\/wp-json\/wp\/v2\/pages\/7196\/revisions\/7270"}],"up":[{"embeddable":true,"href":"https:\/\/www.afar-tools.com\/es\/wp-json\/wp\/v2\/pages\/7162"}],"wp:attachment":[{"href":"https:\/\/www.afar-tools.com\/es\/wp-json\/wp\/v2\/media?parent=7196"}],"curies":[{"name":"wp","href":"https:\/\/api.w.org\/{rel}","templated":true}]}}