{"id":7227,"date":"2018-07-06T14:14:47","date_gmt":"2018-07-06T12:14:47","guid":{"rendered":"https:\/\/www.afar-tools.com\/applicazioni\/applicazioni-per-occhiali-gomma-plastica-e-legno\/"},"modified":"2018-07-09T16:57:36","modified_gmt":"2018-07-09T14:57:36","slug":"aplicaciones-para-plasticos-gomas-compuestos-sinteticos-y-gafas","status":"publish","type":"page","link":"https:\/\/www.afar-tools.com\/es\/aplicaciones\/aplicaciones-para-plasticos-gomas-compuestos-sinteticos-y-gafas\/","title":{"rendered":"Aplicaciones para pl\u00e1sticos, gomas, compuestos sint\u00e9ticos y gafas"},"content":{"rendered":"<h3 class=\"gdlr-item-title gdlr-skin-title gdlr-skin-border\" style=\"font-size: 24px;\">Lamas circulares<\/h3>\n<p>Para cortar papel, cart\u00f3n, empaquetaduras de goma, tejidos, pieles, ampollas de cristal, etc. etc\u2026 se producen a petici\u00f3n del cliente con infinitas variables: de un \u00e1ngulo, de dos \u00e1ngulos, con y sin dientes.<\/p>\n<p>&nbsp;<\/p>\n<p><img loading=\"lazy\" decoding=\"async\" class=\"alignnone size-full wp-image-7097\" src=\"https:\/\/www.afar-tools.com\/wp-content\/uploads\/2018\/07\/coltelli-circolari.jpg\" alt=\"coltelli circolari\" width=\"2099\" height=\"1014\" srcset=\"https:\/\/www.afar-tools.com\/wp-content\/uploads\/2018\/07\/coltelli-circolari.jpg 2099w, https:\/\/www.afar-tools.com\/wp-content\/uploads\/2018\/07\/coltelli-circolari-300x145.jpg 300w, https:\/\/www.afar-tools.com\/wp-content\/uploads\/2018\/07\/coltelli-circolari-768x371.jpg 768w, https:\/\/www.afar-tools.com\/wp-content\/uploads\/2018\/07\/coltelli-circolari-1024x495.jpg 1024w\" sizes=\"auto, (max-width: 2099px) 100vw, 2099px\" \/><\/p>\n<h3 class=\"gdlr-item-title gdlr-skin-title gdlr-skin-border\" style=\"font-size: 24px;\">Anillos para tornear gomas<\/h3>\n<p>Se utilizan para tornear cilindros de gomas en los casos en que el corte debe ser muy neto y al mismo tiempo se debe reducir al m\u00ednimo el roce para evitar<br \/>\nque se sobrecalienten. La forma de anillo es la que m\u00e1s se utiliza.<\/p>\n<p><img loading=\"lazy\" decoding=\"async\" class=\"alignnone size-full wp-image-7106\" src=\"https:\/\/www.afar-tools.com\/wp-content\/uploads\/2018\/07\/anelli-tornitori-per-gomme.jpg\" alt=\"anelli tornitori per gomme\" width=\"1093\" height=\"560\" srcset=\"https:\/\/www.afar-tools.com\/wp-content\/uploads\/2018\/07\/anelli-tornitori-per-gomme.jpg 1093w, https:\/\/www.afar-tools.com\/wp-content\/uploads\/2018\/07\/anelli-tornitori-per-gomme-300x154.jpg 300w, https:\/\/www.afar-tools.com\/wp-content\/uploads\/2018\/07\/anelli-tornitori-per-gomme-768x393.jpg 768w, https:\/\/www.afar-tools.com\/wp-content\/uploads\/2018\/07\/anelli-tornitori-per-gomme-1024x525.jpg 1024w\" sizes=\"auto, (max-width: 1093px) 100vw, 1093px\" \/><\/p>\n<h3 class=\"gdlr-item-title gdlr-skin-title gdlr-skin-border\" style=\"font-size: 24px;\">Fresas moldeadas y perfiladas<\/h3>\n<p>Donde se necesite crear \/ dejar una huella o una ranura con un solo fresado, nuestras fresas moldeadas ofrecen una gama b\u00e1sica de la que derivan infinitas posibilidades de formas que se pueden utilizar individualmente o compuestas en sucesi\u00f3n. A continuaci\u00f3n les ense\u00f1amos las formas m\u00e1s utilizadas por nuestros clientes.<br \/>\n<img loading=\"lazy\" decoding=\"async\" class=\"alignnone size-full wp-image-7111\" src=\"https:\/\/www.afar-tools.com\/wp-content\/uploads\/2018\/07\/frese-sagomate-e-a-profilo.jpg\" alt=\"frese sagomate e a profilo\" width=\"2263\" height=\"2100\" srcset=\"https:\/\/www.afar-tools.com\/wp-content\/uploads\/2018\/07\/frese-sagomate-e-a-profilo.jpg 2263w, https:\/\/www.afar-tools.com\/wp-content\/uploads\/2018\/07\/frese-sagomate-e-a-profilo-300x278.jpg 300w, https:\/\/www.afar-tools.com\/wp-content\/uploads\/2018\/07\/frese-sagomate-e-a-profilo-768x713.jpg 768w, https:\/\/www.afar-tools.com\/wp-content\/uploads\/2018\/07\/frese-sagomate-e-a-profilo-1024x950.jpg 1024w\" sizes=\"auto, (max-width: 2263px) 100vw, 2263px\" \/><\/p>\n","protected":false},"excerpt":{"rendered":"<p>Lamas circulares Para cortar papel, cart\u00f3n, empaquetaduras de goma, tejidos, pieles, ampollas de cristal, etc. etc\u2026 se producen a petici\u00f3n del cliente con infinitas variables: de un \u00e1ngulo, de dos \u00e1ngulos, con y sin dientes. &nbsp; Anillos para tornear gomas Se utilizan para tornear cilindros de gomas en los casos en que el corte debe&#8230; <\/p>\n<div class=\"clear\"><\/div>\n<p><a href=\"https:\/\/www.afar-tools.com\/es\/aplicaciones\/aplicaciones-para-plasticos-gomas-compuestos-sinteticos-y-gafas\/\" class=\"excerpt-read-more\">Learn More<i class=\"fa fa-angle-double-right icon-double-angle-right\"><\/i><\/a><\/p>\n","protected":false},"author":1,"featured_media":0,"parent":7162,"menu_order":0,"comment_status":"closed","ping_status":"closed","template":"","meta":{"_exactmetrics_skip_tracking":false,"_exactmetrics_sitenote_active":false,"_exactmetrics_sitenote_note":"","_exactmetrics_sitenote_category":0,"footnotes":""},"class_list":["post-7227","page","type-page","status-publish","hentry"],"_links":{"self":[{"href":"https:\/\/www.afar-tools.com\/es\/wp-json\/wp\/v2\/pages\/7227","targetHints":{"allow":["GET"]}}],"collection":[{"href":"https:\/\/www.afar-tools.com\/es\/wp-json\/wp\/v2\/pages"}],"about":[{"href":"https:\/\/www.afar-tools.com\/es\/wp-json\/wp\/v2\/types\/page"}],"author":[{"embeddable":true,"href":"https:\/\/www.afar-tools.com\/es\/wp-json\/wp\/v2\/users\/1"}],"replies":[{"embeddable":true,"href":"https:\/\/www.afar-tools.com\/es\/wp-json\/wp\/v2\/comments?post=7227"}],"version-history":[{"count":3,"href":"https:\/\/www.afar-tools.com\/es\/wp-json\/wp\/v2\/pages\/7227\/revisions"}],"predecessor-version":[{"id":7273,"href":"https:\/\/www.afar-tools.com\/es\/wp-json\/wp\/v2\/pages\/7227\/revisions\/7273"}],"up":[{"embeddable":true,"href":"https:\/\/www.afar-tools.com\/es\/wp-json\/wp\/v2\/pages\/7162"}],"wp:attachment":[{"href":"https:\/\/www.afar-tools.com\/es\/wp-json\/wp\/v2\/media?parent=7227"}],"curies":[{"name":"wp","href":"https:\/\/api.w.org\/{rel}","templated":true}]}}