{"id":7231,"date":"2018-07-06T13:57:17","date_gmt":"2018-07-06T11:57:17","guid":{"rendered":"https:\/\/www.afar-tools.com\/applicazioni\/applicazioni-chiavi-blocchetti-e-serrature\/"},"modified":"2018-07-09T16:52:59","modified_gmt":"2018-07-09T14:52:59","slug":"aplicaciones-para-llaves-bloques-y-cerraduras","status":"publish","type":"page","link":"https:\/\/www.afar-tools.com\/es\/aplicaciones\/aplicaciones-para-llaves-bloques-y-cerraduras\/","title":{"rendered":"Aplicaciones para llaves, bloques y cerraduras"},"content":{"rendered":"<p>Por lo general, se construyen seg\u00fan las especificaciones del cliente en funci\u00f3n del di\u00e1metro, el agujero, el n\u00famero de diente y el \u00e1ngulo.<\/p>\n<p><img loading=\"lazy\" decoding=\"async\" class=\"alignnone size-full wp-image-5112\" src=\"https:\/\/www.afar-tools.com\/wp-content\/uploads\/2015\/12\/chiavi.jpg\" alt=\"\" width=\"840\" height=\"868\" srcset=\"https:\/\/www.afar-tools.com\/wp-content\/uploads\/2015\/12\/chiavi.jpg 840w, https:\/\/www.afar-tools.com\/wp-content\/uploads\/2015\/12\/chiavi-290x300.jpg 290w, https:\/\/www.afar-tools.com\/wp-content\/uploads\/2015\/12\/chiavi-768x794.jpg 768w\" sizes=\"auto, (max-width: 840px) 100vw, 840px\" \/><\/p>\n","protected":false},"excerpt":{"rendered":"<p>Por lo general, se construyen seg\u00fan las especificaciones del cliente en funci\u00f3n del di\u00e1metro, el agujero, el n\u00famero de diente y el \u00e1ngulo.<\/p>\n","protected":false},"author":1,"featured_media":0,"parent":7162,"menu_order":0,"comment_status":"closed","ping_status":"open","template":"","meta":{"_exactmetrics_skip_tracking":false,"_exactmetrics_sitenote_active":false,"_exactmetrics_sitenote_note":"","_exactmetrics_sitenote_category":0,"footnotes":""},"class_list":["post-7231","page","type-page","status-publish","hentry"],"_links":{"self":[{"href":"https:\/\/www.afar-tools.com\/es\/wp-json\/wp\/v2\/pages\/7231","targetHints":{"allow":["GET"]}}],"collection":[{"href":"https:\/\/www.afar-tools.com\/es\/wp-json\/wp\/v2\/pages"}],"about":[{"href":"https:\/\/www.afar-tools.com\/es\/wp-json\/wp\/v2\/types\/page"}],"author":[{"embeddable":true,"href":"https:\/\/www.afar-tools.com\/es\/wp-json\/wp\/v2\/users\/1"}],"replies":[{"embeddable":true,"href":"https:\/\/www.afar-tools.com\/es\/wp-json\/wp\/v2\/comments?post=7231"}],"version-history":[{"count":2,"href":"https:\/\/www.afar-tools.com\/es\/wp-json\/wp\/v2\/pages\/7231\/revisions"}],"predecessor-version":[{"id":7275,"href":"https:\/\/www.afar-tools.com\/es\/wp-json\/wp\/v2\/pages\/7231\/revisions\/7275"}],"up":[{"embeddable":true,"href":"https:\/\/www.afar-tools.com\/es\/wp-json\/wp\/v2\/pages\/7162"}],"wp:attachment":[{"href":"https:\/\/www.afar-tools.com\/es\/wp-json\/wp\/v2\/media?parent=7231"}],"curies":[{"name":"wp","href":"https:\/\/api.w.org\/{rel}","templated":true}]}}