{"id":7235,"date":"2018-07-06T12:38:58","date_gmt":"2018-07-06T10:38:58","guid":{"rendered":"https:\/\/www.afar-tools.com\/applicazioni\/applicazioni-meccanica-generale\/"},"modified":"2018-07-09T17:18:09","modified_gmt":"2018-07-09T15:18:09","slug":"aplicaciones-para-mecanica-general","status":"publish","type":"page","link":"https:\/\/www.afar-tools.com\/es\/aplicaciones\/aplicaciones-para-mecanica-general\/","title":{"rendered":"Aplicaciones para mec\u00e1nica general"},"content":{"rendered":"<p>Por lo general, se construyen seg\u00fan las especificaciones del cliente en funci\u00f3n del di\u00e1metro, el agujero, el n\u00famero de diente y el \u00e1ngulo.<\/p>\n<p><img loading=\"lazy\" decoding=\"async\" class=\"alignnone size-full wp-image-5703\" src=\"https:\/\/www.afar-tools.com\/wp-content\/uploads\/2016\/02\/Meccanica-Generale-103.jpg\" alt=\"Meccanica Generale\" width=\"1280\" height=\"1769\" srcset=\"https:\/\/www.afar-tools.com\/wp-content\/uploads\/2016\/02\/Meccanica-Generale-103.jpg 1280w, https:\/\/www.afar-tools.com\/wp-content\/uploads\/2016\/02\/Meccanica-Generale-103-217x300.jpg 217w, https:\/\/www.afar-tools.com\/wp-content\/uploads\/2016\/02\/Meccanica-Generale-103-768x1061.jpg 768w, https:\/\/www.afar-tools.com\/wp-content\/uploads\/2016\/02\/Meccanica-Generale-103-741x1024.jpg 741w\" sizes=\"auto, (max-width: 1280px) 100vw, 1280px\" \/><\/p>\n","protected":false},"excerpt":{"rendered":"<p>Por lo general, se construyen seg\u00fan las especificaciones del cliente en funci\u00f3n del di\u00e1metro, el agujero, el n\u00famero de diente y el \u00e1ngulo.<\/p>\n","protected":false},"author":1,"featured_media":0,"parent":7162,"menu_order":0,"comment_status":"closed","ping_status":"open","template":"","meta":{"_exactmetrics_skip_tracking":false,"_exactmetrics_sitenote_active":false,"_exactmetrics_sitenote_note":"","_exactmetrics_sitenote_category":0,"footnotes":""},"class_list":["post-7235","page","type-page","status-publish","hentry"],"_links":{"self":[{"href":"https:\/\/www.afar-tools.com\/es\/wp-json\/wp\/v2\/pages\/7235","targetHints":{"allow":["GET"]}}],"collection":[{"href":"https:\/\/www.afar-tools.com\/es\/wp-json\/wp\/v2\/pages"}],"about":[{"href":"https:\/\/www.afar-tools.com\/es\/wp-json\/wp\/v2\/types\/page"}],"author":[{"embeddable":true,"href":"https:\/\/www.afar-tools.com\/es\/wp-json\/wp\/v2\/users\/1"}],"replies":[{"embeddable":true,"href":"https:\/\/www.afar-tools.com\/es\/wp-json\/wp\/v2\/comments?post=7235"}],"version-history":[{"count":4,"href":"https:\/\/www.afar-tools.com\/es\/wp-json\/wp\/v2\/pages\/7235\/revisions"}],"predecessor-version":[{"id":7290,"href":"https:\/\/www.afar-tools.com\/es\/wp-json\/wp\/v2\/pages\/7235\/revisions\/7290"}],"up":[{"embeddable":true,"href":"https:\/\/www.afar-tools.com\/es\/wp-json\/wp\/v2\/pages\/7162"}],"wp:attachment":[{"href":"https:\/\/www.afar-tools.com\/es\/wp-json\/wp\/v2\/media?parent=7235"}],"curies":[{"name":"wp","href":"https:\/\/api.w.org\/{rel}","templated":true}]}}