{"id":7243,"date":"2018-07-06T10:43:28","date_gmt":"2018-07-06T08:43:28","guid":{"rendered":"https:\/\/www.afar-tools.com\/applicazioni\/applicazioni-orologeria-orafo-minuteria-e-ortodonzia\/"},"modified":"2018-07-09T17:00:55","modified_gmt":"2018-07-09T15:00:55","slug":"aplicaciones-para-relojeria-orfebreria-bisuteria-ortodoncia","status":"publish","type":"page","link":"https:\/\/www.afar-tools.com\/es\/aplicaciones\/aplicaciones-para-relojeria-orfebreria-bisuteria-ortodoncia\/","title":{"rendered":"Aplicaciones para relojer\u00eda orfebrer\u00eda bisuter\u00eda ortodoncia"},"content":{"rendered":"<p>Producimos fresas para aplicaciones en el mundo de la relojer\u00eda, joyer\u00eda, piezas peque\u00f1as y ortodoncia.<\/p>\n<p>Por lo general, se construyen seg\u00fan las especificaciones del cliente en funci\u00f3n del di\u00e1metro, el agujero, el n\u00famero de diente y el \u00e1ngulo.<\/p>\n<p>&nbsp;<\/p>\n<p><img loading=\"lazy\" decoding=\"async\" class=\"alignnone size-full wp-image-5102\" src=\"https:\/\/www.afar-tools.com\/wp-content\/uploads\/2015\/12\/orafo-orologeria-minuteria.jpg\" alt=\"\" width=\"840\" height=\"944\" srcset=\"https:\/\/www.afar-tools.com\/wp-content\/uploads\/2015\/12\/orafo-orologeria-minuteria.jpg 840w, https:\/\/www.afar-tools.com\/wp-content\/uploads\/2015\/12\/orafo-orologeria-minuteria-267x300.jpg 267w, https:\/\/www.afar-tools.com\/wp-content\/uploads\/2015\/12\/orafo-orologeria-minuteria-768x863.jpg 768w\" sizes=\"auto, (max-width: 840px) 100vw, 840px\" \/><\/p>\n","protected":false},"excerpt":{"rendered":"<p>Producimos fresas para aplicaciones en el mundo de la relojer\u00eda, joyer\u00eda, piezas peque\u00f1as y ortodoncia. Por lo general, se construyen seg\u00fan las especificaciones del cliente en funci\u00f3n del di\u00e1metro, el agujero, el n\u00famero de diente y el \u00e1ngulo. &nbsp;<\/p>\n","protected":false},"author":1,"featured_media":0,"parent":7162,"menu_order":0,"comment_status":"closed","ping_status":"closed","template":"","meta":{"_exactmetrics_skip_tracking":false,"_exactmetrics_sitenote_active":false,"_exactmetrics_sitenote_note":"","_exactmetrics_sitenote_category":0,"footnotes":""},"class_list":["post-7243","page","type-page","status-publish","hentry"],"_links":{"self":[{"href":"https:\/\/www.afar-tools.com\/es\/wp-json\/wp\/v2\/pages\/7243","targetHints":{"allow":["GET"]}}],"collection":[{"href":"https:\/\/www.afar-tools.com\/es\/wp-json\/wp\/v2\/pages"}],"about":[{"href":"https:\/\/www.afar-tools.com\/es\/wp-json\/wp\/v2\/types\/page"}],"author":[{"embeddable":true,"href":"https:\/\/www.afar-tools.com\/es\/wp-json\/wp\/v2\/users\/1"}],"replies":[{"embeddable":true,"href":"https:\/\/www.afar-tools.com\/es\/wp-json\/wp\/v2\/comments?post=7243"}],"version-history":[{"count":2,"href":"https:\/\/www.afar-tools.com\/es\/wp-json\/wp\/v2\/pages\/7243\/revisions"}],"predecessor-version":[{"id":7279,"href":"https:\/\/www.afar-tools.com\/es\/wp-json\/wp\/v2\/pages\/7243\/revisions\/7279"}],"up":[{"embeddable":true,"href":"https:\/\/www.afar-tools.com\/es\/wp-json\/wp\/v2\/pages\/7162"}],"wp:attachment":[{"href":"https:\/\/www.afar-tools.com\/es\/wp-json\/wp\/v2\/media?parent=7243"}],"curies":[{"name":"wp","href":"https:\/\/api.w.org\/{rel}","templated":true}]}}