{"id":7247,"date":"2018-07-02T16:38:33","date_gmt":"2018-07-02T14:38:33","guid":{"rendered":"https:\/\/www.afar-tools.com\/applicazioni\/applicazioni-meccanotessile\/"},"modified":"2018-07-09T17:02:58","modified_gmt":"2018-07-09T15:02:58","slug":"aplicaciones-para-mecano-textil","status":"publish","type":"page","link":"https:\/\/www.afar-tools.com\/es\/aplicaciones\/aplicaciones-para-mecano-textil\/","title":{"rendered":"Aplicaciones para mecano textil"},"content":{"rendered":"<p>Los textiles representan uno de los sectores industriales m\u00e1s tradicionales. Los taladros utilizados para aplicaciones textiles mec\u00e1nicas se utilizan en m\u00e1quinas manuales y \/ o autom\u00e1ticas.<\/p>\n<p>Por lo general, se construyen seg\u00fan las especificaciones del cliente en funci\u00f3n del di\u00e1metro, el agujero, el n\u00famero de diente y el \u00e1ngulo.<\/p>\n<p>&nbsp;<\/p>\n<p><img loading=\"lazy\" decoding=\"async\" class=\"alignnone size-full wp-image-5098\" src=\"https:\/\/www.afar-tools.com\/wp-content\/uploads\/2015\/12\/meccano-tessile-1.jpg\" alt=\"\" width=\"840\" height=\"1062\" srcset=\"https:\/\/www.afar-tools.com\/wp-content\/uploads\/2015\/12\/meccano-tessile-1.jpg 840w, https:\/\/www.afar-tools.com\/wp-content\/uploads\/2015\/12\/meccano-tessile-1-237x300.jpg 237w, https:\/\/www.afar-tools.com\/wp-content\/uploads\/2015\/12\/meccano-tessile-1-768x971.jpg 768w, https:\/\/www.afar-tools.com\/wp-content\/uploads\/2015\/12\/meccano-tessile-1-810x1024.jpg 810w\" sizes=\"auto, (max-width: 840px) 100vw, 840px\" \/><\/p>\n","protected":false},"excerpt":{"rendered":"<p>Los textiles representan uno de los sectores industriales m\u00e1s tradicionales. Los taladros utilizados para aplicaciones textiles mec\u00e1nicas se utilizan en m\u00e1quinas manuales y \/ o autom\u00e1ticas. Por lo general, se construyen seg\u00fan las especificaciones del cliente en funci\u00f3n del di\u00e1metro, el agujero, el n\u00famero de diente y el \u00e1ngulo. &nbsp;<\/p>\n","protected":false},"author":1,"featured_media":0,"parent":7162,"menu_order":0,"comment_status":"closed","ping_status":"open","template":"","meta":{"_exactmetrics_skip_tracking":false,"_exactmetrics_sitenote_active":false,"_exactmetrics_sitenote_note":"","_exactmetrics_sitenote_category":0,"footnotes":""},"class_list":["post-7247","page","type-page","status-publish","hentry"],"_links":{"self":[{"href":"https:\/\/www.afar-tools.com\/es\/wp-json\/wp\/v2\/pages\/7247","targetHints":{"allow":["GET"]}}],"collection":[{"href":"https:\/\/www.afar-tools.com\/es\/wp-json\/wp\/v2\/pages"}],"about":[{"href":"https:\/\/www.afar-tools.com\/es\/wp-json\/wp\/v2\/types\/page"}],"author":[{"embeddable":true,"href":"https:\/\/www.afar-tools.com\/es\/wp-json\/wp\/v2\/users\/1"}],"replies":[{"embeddable":true,"href":"https:\/\/www.afar-tools.com\/es\/wp-json\/wp\/v2\/comments?post=7247"}],"version-history":[{"count":2,"href":"https:\/\/www.afar-tools.com\/es\/wp-json\/wp\/v2\/pages\/7247\/revisions"}],"predecessor-version":[{"id":7281,"href":"https:\/\/www.afar-tools.com\/es\/wp-json\/wp\/v2\/pages\/7247\/revisions\/7281"}],"up":[{"embeddable":true,"href":"https:\/\/www.afar-tools.com\/es\/wp-json\/wp\/v2\/pages\/7162"}],"wp:attachment":[{"href":"https:\/\/www.afar-tools.com\/es\/wp-json\/wp\/v2\/media?parent=7247"}],"curies":[{"name":"wp","href":"https:\/\/api.w.org\/{rel}","templated":true}]}}