{"id":7467,"date":"2024-06-27T09:47:49","date_gmt":"2024-06-27T07:47:49","guid":{"rendered":"https:\/\/www.afar-tools.com\/?page_id=7467"},"modified":"2024-06-27T09:47:49","modified_gmt":"2024-06-27T07:47:49","slug":"politica-de-cookies","status":"publish","type":"page","link":"https:\/\/www.afar-tools.com\/es\/politica-de-cookies\/","title":{"rendered":"Pol\u00edtica de cookies"},"content":{"rendered":"<h3>Este sitio web utiliza cookies<\/h3>\n<p>Utilizamos cookies para personalizar el contenido y los anuncios, proporcionar funciones de redes sociales y analizar el tr\u00e1fico web. Tambi\u00e9n compartimos informaci\u00f3n sobre c\u00f3mo utiliza nuestro sitio con nuestros socios que se ocupan de los medios de an\u00e1lisis web, publicitarios y sociales, quienes pueden combinarla con otra informaci\u00f3n. que usted les haya proporcionado o que hayan recopilado a partir de su uso de sus servicios.<\/p>\n<h3>\u00bfQu\u00e9 son las galletas?<\/h3>\n<p>Las cookies son peque\u00f1os archivos de texto que los sitios web pueden utilizar para hacer que la experiencia del usuario sea m\u00e1s eficiente.Las cookies se pueden almacenar en su dispositivo sin su consentimiento solo si son cookies t\u00e9cnicas estrictamente necesarias para el funcionamiento del sitio. Todos los dem\u00e1s tipos de cookies solo se pueden almacenar con su consentimiento.<\/p>\n<h3>\u00bfQu\u00e9 tipos de cookies utiliza el sitio web?<\/h3>\n<p><strong>Necesarias:<\/strong> \u200b\u200blas cookies necesarias son absolutamente esenciales para que el sitio web funcione correctamente. Estas cookies garantizan la funcionalidad b\u00e1sica y las caracter\u00edsticas de seguridad del sitio web, de forma an\u00f3nima.<\/p>\n<p><strong>Publicidad:<\/strong> Las cookies publicitarias se utilizan para proporcionar a los visitantes anuncios y campa\u00f1as de marketing relevantes. Estas cookies rastrean a los visitantes de los sitios web y recopilan informaci\u00f3n para proporcionar anuncios personalizados.<\/p>\n","protected":false},"excerpt":{"rendered":"<p>Este sitio web utiliza cookies Utilizamos cookies para personalizar el contenido y los anuncios, proporcionar funciones de redes sociales y analizar el tr\u00e1fico web. Tambi\u00e9n compartimos informaci\u00f3n sobre c\u00f3mo utiliza nuestro sitio con nuestros socios que se ocupan de los medios de an\u00e1lisis web, publicitarios y sociales, quienes pueden combinarla con otra informaci\u00f3n. que usted&#8230; <\/p>\n<div class=\"clear\"><\/div>\n<p><a href=\"https:\/\/www.afar-tools.com\/es\/politica-de-cookies\/\" class=\"excerpt-read-more\">Learn More<i class=\"fa fa-angle-double-right icon-double-angle-right\"><\/i><\/a><\/p>\n","protected":false},"author":1,"featured_media":0,"parent":0,"menu_order":0,"comment_status":"closed","ping_status":"closed","template":"","meta":{"_exactmetrics_skip_tracking":false,"_exactmetrics_sitenote_active":false,"_exactmetrics_sitenote_note":"","_exactmetrics_sitenote_category":0,"footnotes":""},"class_list":["post-7467","page","type-page","status-publish","hentry"],"_links":{"self":[{"href":"https:\/\/www.afar-tools.com\/es\/wp-json\/wp\/v2\/pages\/7467","targetHints":{"allow":["GET"]}}],"collection":[{"href":"https:\/\/www.afar-tools.com\/es\/wp-json\/wp\/v2\/pages"}],"about":[{"href":"https:\/\/www.afar-tools.com\/es\/wp-json\/wp\/v2\/types\/page"}],"author":[{"embeddable":true,"href":"https:\/\/www.afar-tools.com\/es\/wp-json\/wp\/v2\/users\/1"}],"replies":[{"embeddable":true,"href":"https:\/\/www.afar-tools.com\/es\/wp-json\/wp\/v2\/comments?post=7467"}],"version-history":[{"count":1,"href":"https:\/\/www.afar-tools.com\/es\/wp-json\/wp\/v2\/pages\/7467\/revisions"}],"predecessor-version":[{"id":7468,"href":"https:\/\/www.afar-tools.com\/es\/wp-json\/wp\/v2\/pages\/7467\/revisions\/7468"}],"wp:attachment":[{"href":"https:\/\/www.afar-tools.com\/es\/wp-json\/wp\/v2\/media?parent=7467"}],"curies":[{"name":"wp","href":"https:\/\/api.w.org\/{rel}","templated":true}]}}